{"id":880,"date":"2025-02-24T09:10:27","date_gmt":"2025-02-24T09:10:27","guid":{"rendered":"https:\/\/annegyriteschutt.dk\/?page_id=880"},"modified":"2025-07-03T12:22:44","modified_gmt":"2025-07-03T12:22:44","slug":"exhibitions-2025","status":"publish","type":"page","link":"https:\/\/annegyriteschutt.dk\/index.php\/exhibitions-2025\/","title":{"rendered":"Exhibitions 2025"},"content":{"rendered":"\n<p><\/p>\n\n\n\n<p><\/p>\n\n\n\n<h2 class=\"wp-block-heading\">Sk\u00e6rmtid<\/h2>\n\n\n\n<figure class=\"wp-block-image size-large\"><img decoding=\"async\" loading=\"lazy\" width=\"1024\" height=\"629\" src=\"https:\/\/annegyriteschutt.dk\/wp-content\/uploads\/2025\/07\/skaermtidforside-1024x629.jpg\" alt=\"\" class=\"wp-image-912\" srcset=\"https:\/\/annegyriteschutt.dk\/wp-content\/uploads\/2025\/07\/skaermtidforside-1024x629.jpg 1024w, https:\/\/annegyriteschutt.dk\/wp-content\/uploads\/2025\/07\/skaermtidforside-300x184.jpg 300w, https:\/\/annegyriteschutt.dk\/wp-content\/uploads\/2025\/07\/skaermtidforside-768x472.jpg 768w, https:\/\/annegyriteschutt.dk\/wp-content\/uploads\/2025\/07\/skaermtidforside-1200x737.jpg 1200w, https:\/\/annegyriteschutt.dk\/wp-content\/uploads\/2025\/07\/skaermtidforside.jpg 1278w\" sizes=\"(max-width: 1024px) 100vw, 1024px\" \/><\/figure>\n\n\n\n<h2 class=\"wp-block-heading\"><strong>\u00c5bent Atelier<\/strong><\/h2>\n\n\n\n<p>1.-2. august 11-17<\/p>\n\n\n\n<p>Atelier Anne Gyrite Sch\u00fctt, Norrevej 10, Norre, 4970 R\u00f8dby<\/p>\n\n\n\n<p>I anledning af, at det fredag 1. august 2025 er 20 \u00e5r siden, jeg k\u00f8bte min gamle skole i Norre, vil jeg \u00e5bne d\u00f8rene til mit atelier og invitere p\u00e5 \u2019Sk\u00e6rmtid\u2019. Som du nok har opdaget, er det ikke de elektroniske af slagsen \u2013 fladsk\u00e6rme eller mobiler, jeg byder p\u00e5.<\/p>\n\n\n\n<p>Jeg har studeret det smukke sk\u00e6rmliv, vi finder i gr\u00f8ftekanter, p\u00e5 skr\u00e6nter og i skovbryn. Det er en fascination af det myldrende liv \u2013 b\u00e5de flora som fauna \u2013 der, n\u00e5r det f\u00e5r lov, gener\u00f8st gror frem i al sin stille sk\u00f8nhed. En sk\u00f8nhed, som vi m\u00e5ske tager for givet og glemmer lidt? Dansk natur som jeg har valgt at hylde med opm\u00e6rksomhed og penselstr\u00f8g.<\/p>\n\n\n\n<p>Og s\u00e5 er der ogs\u00e5 alle de andre billeder. Atelieret bugner med portr\u00e6tter, tegninger, dyr, koncepter\u2026<\/p>\n\n\n\n<p>Tag familie og venner med, f\u00e5 lidt til ganen og m\u00e5ske en god snak. M\u00e5ske ses vi?<\/p>\n\n\n\n<p>P\u00e5 gensyn,<\/p>\n\n\n\n<p>Anne<\/p>\n\n\n\n<p><\/p>\n\n\n\n<p><\/p>\n\n\n\n<div style=\"height:100px\" aria-hidden=\"true\" class=\"wp-block-spacer\"><\/div>\n\n\n\n<p><\/p>\n\n\n\n<p><\/p>\n\n\n\n<h2 class=\"wp-block-heading\">Sommerudstillingen p\u00e5 Masned\u00f8fort<\/h2>\n\n\n\n<p>Udstillingen er desv\u00e6rre aflyst pga. bygningsrenovation.<\/p>\n\n\n\n<p><\/p>\n","protected":false},"excerpt":{"rendered":"<p>Sk\u00e6rmtid \u00c5bent Atelier 1.-2. august 11-17 Atelier Anne Gyrite Sch\u00fctt, Norrevej 10, Norre, 4970 R\u00f8dby I anledning af, at det fredag 1. august 2025 er 20 \u00e5r siden, jeg k\u00f8bte min gamle skole i Norre, vil jeg \u00e5bne d\u00f8rene til mit atelier og invitere p\u00e5 \u2019Sk\u00e6rmtid\u2019. Som du nok har&hellip;<\/p>\n<p class=\"more-link-wrapper\"><a class=\"more-link\" href=\"https:\/\/annegyriteschutt.dk\/index.php\/exhibitions-2025\/\"><span class=\"fa fa-mail-forward read-more-icon\"><\/span><span class=\"screen-reader-text\">Read More<\/span><\/a><\/p>\n","protected":false},"author":1,"featured_media":0,"parent":0,"menu_order":0,"comment_status":"closed","ping_status":"closed","template":"","meta":{"advgb_blocks_editor_width":"","advgb_blocks_columns_visual_guide":"","footnotes":"","_links_to":"","_links_to_target":""},"coauthors":[],"author_meta":{"author_link":"https:\/\/annegyriteschutt.dk\/index.php\/author\/admin\/","display_name":"admin"},"relative_dates":{"created":"Udgivet 1 \u00e5r siden","modified":"Opdateret 10 m\u00e5neder siden"},"absolute_dates":{"created":"Udgivet 24. februar 2025","modified":"Opdateret 3. juli 2025"},"absolute_dates_time":{"created":"Udgivet 24. februar 2025 9:10 am","modified":"Opdateret 3. juli 2025 12:22 pm"},"featured_img_caption":"","featured_img":false,"series_order":"","_links":{"self":[{"href":"https:\/\/annegyriteschutt.dk\/index.php\/wp-json\/wp\/v2\/pages\/880"}],"collection":[{"href":"https:\/\/annegyriteschutt.dk\/index.php\/wp-json\/wp\/v2\/pages"}],"about":[{"href":"https:\/\/annegyriteschutt.dk\/index.php\/wp-json\/wp\/v2\/types\/page"}],"author":[{"embeddable":true,"href":"https:\/\/annegyriteschutt.dk\/index.php\/wp-json\/wp\/v2\/users\/1"}],"replies":[{"embeddable":true,"href":"https:\/\/annegyriteschutt.dk\/index.php\/wp-json\/wp\/v2\/comments?post=880"}],"version-history":[{"count":4,"href":"https:\/\/annegyriteschutt.dk\/index.php\/wp-json\/wp\/v2\/pages\/880\/revisions"}],"predecessor-version":[{"id":920,"href":"https:\/\/annegyriteschutt.dk\/index.php\/wp-json\/wp\/v2\/pages\/880\/revisions\/920"}],"wp:attachment":[{"href":"https:\/\/annegyriteschutt.dk\/index.php\/wp-json\/wp\/v2\/media?parent=880"}],"curies":[{"name":"wp","href":"https:\/\/api.w.org\/{rel}","templated":true}]}}