{"id":88,"date":"2020-10-26T10:55:29","date_gmt":"2020-10-26T10:55:29","guid":{"rendered":"https:\/\/annegyriteschutt.dk\/?page_id=88"},"modified":"2026-01-07T09:53:57","modified_gmt":"2026-01-07T09:53:57","slug":"udstillinger","status":"publish","type":"page","link":"https:\/\/annegyriteschutt.dk\/index.php\/udstillinger\/","title":{"rendered":"Exhibitions (samples from previous exhibitions)"},"content":{"rendered":"<div class=\"wp-block-image\">\n<figure class=\"aligncenter size-large\"><img decoding=\"async\" loading=\"lazy\" width=\"1024\" height=\"722\" src=\"https:\/\/annegyriteschutt.dk\/wp-content\/uploads\/2022\/01\/AnneGyrite-1-1024x722.jpg\" alt=\"\" class=\"wp-image-396\" srcset=\"https:\/\/annegyriteschutt.dk\/wp-content\/uploads\/2022\/01\/AnneGyrite-1-1024x722.jpg 1024w, https:\/\/annegyriteschutt.dk\/wp-content\/uploads\/2022\/01\/AnneGyrite-1-300x212.jpg 300w, https:\/\/annegyriteschutt.dk\/wp-content\/uploads\/2022\/01\/AnneGyrite-1-768x541.jpg 768w, https:\/\/annegyriteschutt.dk\/wp-content\/uploads\/2022\/01\/AnneGyrite-1.jpg 1200w\" sizes=\"(max-width: 1024px) 100vw, 1024px\" \/><\/figure><\/div>\n\n\n<figure class=\"wp-block-gallery has-nested-images columns-default is-cropped wp-block-gallery-1 is-layout-flex wp-block-gallery-is-layout-flex\">\n<figure class=\"wp-block-image size-large\"><img decoding=\"async\" loading=\"lazy\" width=\"960\" height=\"500\" data-id=\"151\" src=\"https:\/\/annegyriteschutt.dk\/wp-content\/uploads\/2020\/10\/35357608_10156923446125769_543634093921796096_n.jpg\" alt=\"\" class=\"wp-image-151\" srcset=\"https:\/\/annegyriteschutt.dk\/wp-content\/uploads\/2020\/10\/35357608_10156923446125769_543634093921796096_n.jpg 960w, https:\/\/annegyriteschutt.dk\/wp-content\/uploads\/2020\/10\/35357608_10156923446125769_543634093921796096_n-300x156.jpg 300w, https:\/\/annegyriteschutt.dk\/wp-content\/uploads\/2020\/10\/35357608_10156923446125769_543634093921796096_n-768x400.jpg 768w\" sizes=\"(max-width: 960px) 100vw, 960px\" \/><\/figure>\n\n\n\n<figure class=\"wp-block-image size-large\"><img decoding=\"async\" loading=\"lazy\" width=\"960\" height=\"640\" data-id=\"152\" src=\"https:\/\/annegyriteschutt.dk\/wp-content\/uploads\/2020\/10\/88094151_10158661581805769_9172925923681370112_n.jpg\" alt=\"\" class=\"wp-image-152\" srcset=\"https:\/\/annegyriteschutt.dk\/wp-content\/uploads\/2020\/10\/88094151_10158661581805769_9172925923681370112_n.jpg 960w, https:\/\/annegyriteschutt.dk\/wp-content\/uploads\/2020\/10\/88094151_10158661581805769_9172925923681370112_n-300x200.jpg 300w, https:\/\/annegyriteschutt.dk\/wp-content\/uploads\/2020\/10\/88094151_10158661581805769_9172925923681370112_n-768x512.jpg 768w\" sizes=\"(max-width: 960px) 100vw, 960px\" \/><\/figure>\n\n\n\n<figure class=\"wp-block-image size-large\"><img decoding=\"async\" loading=\"lazy\" width=\"1024\" height=\"405\" data-id=\"385\" src=\"https:\/\/annegyriteschutt.dk\/wp-content\/uploads\/2022\/01\/nystedpakhus-1024x405.jpg\" alt=\"\" class=\"wp-image-385\" srcset=\"https:\/\/annegyriteschutt.dk\/wp-content\/uploads\/2022\/01\/nystedpakhus-1024x405.jpg 1024w, https:\/\/annegyriteschutt.dk\/wp-content\/uploads\/2022\/01\/nystedpakhus-300x119.jpg 300w, https:\/\/annegyriteschutt.dk\/wp-content\/uploads\/2022\/01\/nystedpakhus-768x304.jpg 768w, https:\/\/annegyriteschutt.dk\/wp-content\/uploads\/2022\/01\/nystedpakhus.jpg 1200w\" sizes=\"(max-width: 1024px) 100vw, 1024px\" \/><\/figure>\n<\/figure>\n\n\n\n<h3 class=\"wp-block-heading\" id=\"lys-over-lolland-2019\">&nbsp;<\/h3>\n\n\n\n<h3 class=\"wp-block-heading\" id=\"lys-over-lolland-2019\">Lys over Lolland 2019<\/h3>\n\n\n\n<h4 class=\"wp-block-heading\" id=\"bodyencounter\">\u201cBodyencounter\u201d<\/h4>\n\n\n\n<p>En serie malerier (her et udsnit) af henholdsvis nutidige kvinder, til venstre i malerierne, i et malet m\u00f8de, p\u00e5 tv\u00e6rs af tid med forskellige kvindemodeller som de er set i kunsthistorien i forskellige epoker.&nbsp;<\/p>\n\n\n\n<figure class=\"wp-block-image size-large\"><img decoding=\"async\" loading=\"lazy\" width=\"1024\" height=\"466\" src=\"https:\/\/annegyriteschutt.dk\/wp-content\/uploads\/2022\/01\/lydlollandbody19-1024x466.jpg\" alt=\"\" class=\"wp-image-556\" srcset=\"https:\/\/annegyriteschutt.dk\/wp-content\/uploads\/2022\/01\/lydlollandbody19-1024x466.jpg 1024w, https:\/\/annegyriteschutt.dk\/wp-content\/uploads\/2022\/01\/lydlollandbody19-300x137.jpg 300w, https:\/\/annegyriteschutt.dk\/wp-content\/uploads\/2022\/01\/lydlollandbody19-768x350.jpg 768w, https:\/\/annegyriteschutt.dk\/wp-content\/uploads\/2022\/01\/lydlollandbody19-1536x699.jpg 1536w, https:\/\/annegyriteschutt.dk\/wp-content\/uploads\/2022\/01\/lydlollandbody19-1200x546.jpg 1200w, https:\/\/annegyriteschutt.dk\/wp-content\/uploads\/2022\/01\/lydlollandbody19.jpg 2041w\" sizes=\"(max-width: 1024px) 100vw, 1024px\" \/><\/figure>\n\n\n\n<h2 class=\"wp-block-heading\" id=\"-95f9816c-f5a9-46ad-9a9b-8ebf933906b6\"><\/h2>\n\n\n\n<p><\/p>\n\n\n\n<h3 class=\"wp-block-heading\" id=\"det-danske-kulturinstitut-st-petersborg-2017-2018\">Det Danske Kulturinstitut, St. Petersborg 2017-2018<\/h3>\n\n\n\n<p>The Danish Cultural Institut, St. Petersborg<\/p>\n\n\n\n<p><\/p>\n\n\n\n<figure class=\"wp-block-image size-large\"><img decoding=\"async\" loading=\"lazy\" width=\"1024\" height=\"659\" src=\"https:\/\/annegyriteschutt.dk\/wp-content\/uploads\/2022\/01\/russisk-1024x659.jpg\" alt=\"\" class=\"wp-image-560\" srcset=\"https:\/\/annegyriteschutt.dk\/wp-content\/uploads\/2022\/01\/russisk-1024x659.jpg 1024w, https:\/\/annegyriteschutt.dk\/wp-content\/uploads\/2022\/01\/russisk-300x193.jpg 300w, https:\/\/annegyriteschutt.dk\/wp-content\/uploads\/2022\/01\/russisk-768x494.jpg 768w, https:\/\/annegyriteschutt.dk\/wp-content\/uploads\/2022\/01\/russisk-1536x988.jpg 1536w, https:\/\/annegyriteschutt.dk\/wp-content\/uploads\/2022\/01\/russisk-2048x1318.jpg 2048w, https:\/\/annegyriteschutt.dk\/wp-content\/uploads\/2022\/01\/russisk-1200x772.jpg 1200w\" sizes=\"(max-width: 1024px) 100vw, 1024px\" \/><\/figure>\n\n\n\n<p>Kulturinstitutet skrev p\u00e5 deres hjemmeside:&nbsp;<\/p>\n\n\n\n<p>\u201cDanish artist Anne Gyrite Sch\u00fctt exhibits a series of portraits, nine drawings, of Russian emigrants in Denmark and their descendants at the Danish Cultural Institute\u201d.&nbsp;<\/p>\n\n\n\n<p>(\u201cDen danske kunstner Anne Gyrite Sch\u00fctt udstiller en serie portr\u00e6tter, ni tegninger, af russiske emigranter i Danmark og deres efterkommmere p\u00e5 det Danske Kulturinstitut\u201d.)<\/p>\n\n\n\n<p><\/p>\n\n\n\n<p>Samme udstilling blev senere i maj samme \u00e5r, vist i Emigranthuset (Soljenitsynhuset) i Moskva.&nbsp;<\/p>\n\n\n\n<p>Begge steder med stor succes. Jeg holdt foredrag begge steder samt en masterclass.\u00a0Stor og st\u00e6rk oplevelse.\u00a0<\/p>\n\n\n\n<div style=\"height:53px\" aria-hidden=\"true\" class=\"wp-block-spacer\"><\/div>\n\n\n\n<h3 class=\"wp-block-heading\" id=\"udstillinger-70161f3f-6636-46c6-bf8f-9ff640a2eef5\">Udstillinger<\/h3>\n\n\n\n<h6 class=\"wp-block-heading\" id=\"f-faelles-s-separatudstilling-a99b58ac-a7fc-4d90-aaec-979e6f2e3908\">(F= f\u00e6lles, S= separat-udstilling)<\/h6>\n\n\n\n<h6 class=\"wp-block-heading\" id=\"udvalg-60030731-02db-493e-b683-7168902700fe\">Udvalg:<\/h6>\n\n\n\n<h6 class=\"wp-block-heading\" id=\"s-stiftsbiblioteket-maribo1977-11arig-udstiller-samfundskritiske-tegninger--106a2aa2-5c66-4adb-b127-09645ad3d30d\">(S) Stiftsbiblioteket, Maribo1977 (11-\u00e5rig udstiller samfundskritiske tegninger).<\/h6>\n\n\n\n<h6 class=\"wp-block-heading\" id=\"f-jever-tyskland-1995-3d72edf2-fa15-45a2-903f-7b60fe4dc7db\">(F) Jever, Tyskland 1995<\/h6>\n\n\n\n<h6 class=\"wp-block-heading\" id=\"f-helligandshuset-kobenhavn-1996-489cf499-374b-4cb6-af22-bec907b00c40\">(F) Hellig\u00e5ndshuset, K\u00f8benhavn 1996<\/h6>\n\n\n\n<h6 class=\"wp-block-heading\" id=\"f-hojris-slot-mors-1997-70ee1cb4-e5bb-44a2-90b6-d8d7d6d8f4c3\">(F) H\u00f8jris Slot, Mors 1997<\/h6>\n\n\n\n<h6 class=\"wp-block-heading\" id=\"f-pakhuset-nysted-1997-f09fa74a-817f-407c-a829-0f26b4e52b75\">(F) Pakhuset, Nysted 1997<\/h6>\n\n\n\n<h6 class=\"wp-block-heading\" id=\"fsommerudstilling-gedser-1999-b76bd407-e826-48ce-9e1c-3f94ee3e8d29\">(F)Sommerudstilling, Gedser 1999<\/h6>\n\n\n\n<h6 class=\"wp-block-heading\" id=\"f-galleri-inuit-alborg-2000-3da1675e-a81d-439d-a9d3-fb37003f3ed5\">(F) Galleri Inuit, \u00c5lborg 2000<\/h6>\n\n\n\n<h6 class=\"wp-block-heading\" id=\"s-galleri-rorholm-2001-f7e32d1e-7b05-48a9-a619-9813929ca1f1\">(S) Galleri R\u00f8rholm 2001<\/h6>\n\n\n\n<h6 class=\"wp-block-heading\" id=\"f-rundetarn-kobenhavn-2004-f1624324-75b1-48ba-b8c0-5a69f1328ed1\">(F) Rundet\u00e5rn, K\u00f8benhavn 2004<\/h6>\n\n\n\n<h6 class=\"wp-block-heading\" id=\"f-galleri-fjoset-ulefoss-hovedgaard-norge-2004-2ff0ed59-8801-4a57-aeb4-18ef7d8b57c0\">(F) Galleri Fj\u00f8set, Ulefoss Hovedgaard, Norge 2004<\/h6>\n\n\n\n<h6 class=\"wp-block-heading\" id=\"f-farum-kuturhus-farum-2005-553f6e3b-35ad-4cee-97e5-76bc4b09fa72\">(F) Farum Kuturhus, Farum 2005<\/h6>\n\n\n\n<h6 class=\"wp-block-heading\" id=\"f-museum-of-city-of-krakow-polen-2005-fd6ccfd4-bb1e-45bb-bcc0-6341dff31579\">(F) Museum of City of Krakow, Polen 2005<\/h6>\n\n\n\n<h6 class=\"wp-block-heading\" id=\"f-galery-labyrint-krakow-polen-2005-2ece045b-7074-4638-9d41-11bcc7ddba66\">(F) Galery Labyrint, Krakow, Polen 2005<\/h6>\n\n\n\n<h6 class=\"wp-block-heading\" id=\"s-vedbaek-kultur-bibliotekscenter-2005-f46f1c42-ca37-4441-bcd3-1cc8369ef40e\">(S) Vedb\u00e6k kultur- &amp; bibliotekscenter 2005<\/h6>\n\n\n\n<h6 class=\"wp-block-heading\" id=\"f-kultur-pa-kryds-art-fair-sollentuna-stockholm-2006-21e1051a-ed75-4834-8ec8-e450de568015\">(F) &#8220;Kultur p\u00e5 Kryds&#8221;, Art Fair Sollentuna, Stockholm 2006<\/h6>\n\n\n\n<h6 class=\"wp-block-heading\" id=\"s-galleri-hilden-maribo-2008-3b39e46e-2588-4cb9-a22f-f7920c3b3360\">(S) Galleri Hilden, Maribo 2008<\/h6>\n\n\n\n<h6 class=\"wp-block-heading\" id=\"f-nyere-dansk-portraetkunst-galleri-5000-odense-2009-987d5847-a3e5-40db-85e9-674a537391d0\">(F) Nyere dansk portr\u00e6tkunst, Galleri 5000, Odense 2009<\/h6>\n\n\n\n<h6 class=\"wp-block-heading\" id=\"f-lys-over-lolland-rodbyhavn-2009-censureret-bd874586-c06b-4b36-bce2-272529b52c1d\">(F) Lys over Lolland, R\u00f8dbyhavn 2009 (censureret)<\/h6>\n\n\n\n<h6 class=\"wp-block-heading\" id=\"f-nedrefrykdals-kunstforening-sunne-sverige-2009-bae25fea-fbe9-4269-a31c-2b0e256e131f\">(F) NedreFrykdals Kunstforening, Sunne, Sverige 2009<\/h6>\n\n\n\n<h6 class=\"wp-block-heading\" id=\"f-frederiksborg-slot-portraet-nu-2011-censureret-9cfe2392-585c-4fd0-acf6-ca3aa0a90fee\">(F) Frederiksborg Slot, Portr\u00e6t NU, 2011 (censureret)<\/h6>\n\n\n\n<h6 class=\"wp-block-heading\" id=\"s-galleri-nyhuus-dem-vi-spiser-dem-vi-frygter-dem-vi-elsker-norge-2011-e834c18e-5ad1-467d-8cd1-686c087431d3\">(S) Galleri Nyhuus, &#8220;Dem vi spiser, dem vi frygter, dem vi elsker&#8221; Norge 2011<\/h6>\n\n\n\n<h6 class=\"wp-block-heading\" id=\"f-tegninger-albrechtsens-galleri-kobenhavn-2013-24dfdc9d-0584-45a8-bc07-cdd8c0c50810\">(F) \u201cTegninger\u201d- Albrechtsens Galleri, K\u00f8benhavn 2013<\/h6>\n\n\n\n<h6 class=\"wp-block-heading\" id=\"f-nordisk-figuration-galleri-5000-odense-2013-2ee63ab0-d212-449a-9e1b-d52340bf798c\">(F) \u201cNordisk Figuration\u201d Galleri 5000, Odense 2013<\/h6>\n\n\n\n<h6 class=\"wp-block-heading\" id=\"f-kunstgruppen-dyreliv-gimsingehoved-kunst-og-kulturcenter-struer-2014-949fc64c-f6d1-4250-9a5f-91d5c6974314\">(F) Kunstgruppen Dyreliv &#8211; Gimsingehoved Kunst og kulturcenter, Struer 2014<\/h6>\n\n\n\n<h6 class=\"wp-block-heading\" id=\"f-kunstgruppen-dyreliv-dronninglund-kunstcenter-dronninglund-2014-0b207349-ee2f-4bda-b145-0215a4a50d2c\">(F) Kunstgruppen Dyreliv &#8211; Dronninglund Kunstcenter, Dronninglund 2014<\/h6>\n\n\n\n<h6 class=\"wp-block-heading\" id=\"f-kunstgruppen-dyreliv-pakhuset-nykobing-sj-2015-86be0362-6762-42c1-8d96-fe2493f72e71\">(F) Kunstgruppen Dyreliv &#8211; Pakhuset, Nyk\u00f8bing Sj 2015<\/h6>\n\n\n\n<h6 class=\"wp-block-heading\" id=\"s-copenhagen-fur-kunstforening-2015-8f88bad0-e964-4cf6-b8a7-2cdd762f5765\">(S) Copenhagen Fur, Kunstforening 2015<\/h6>\n\n\n\n<h6 class=\"wp-block-heading\" id=\"f-vandreudstilling-nordiske-kunstnere-fabryka-sztuk-tczew-polen-201516--55a0693e-13b9-48fb-8495-b8e267f99b33\">(F) Vandreudstilling, Nordiske kunstnere, Fabryka Sztuk, Tczew, Polen 2015-16.<\/h6>\n\n\n\n<h6 class=\"wp-block-heading\" id=\"f-portraet-nu-17-frederiksborgslot-censureret-hillerod-2017-d0806d57-c18e-4093-afa7-23214f1d6efc\">(F) Portr\u00e6t NU 17, Frederiksborgslot, censureret. Hiller\u00f8d 2017<\/h6>\n\n\n\n<h6 class=\"wp-block-heading\" id=\"f-kunstgruppen-dyreliv-ebeltoft-kunstforening-tinghuset-ebeltoft-2017-261513d7-0677-4219-b7fa-69c818baa339\">(F) Kunstgruppen Dyreliv &#8211; Ebeltoft Kunstforening, Tinghuset, Ebeltoft 2017<\/h6>\n\n\n\n<h6 class=\"wp-block-heading\" id=\"f-lys-over-lolland-2017-censureret-a6b234ab-25b3-4421-a43b-1171bbac1059\">(F) \u201cLys over Lolland\u201d 2017 (censureret)<\/h6>\n\n\n\n<h6 class=\"wp-block-heading\" id=\"s-udstillingen-modet-11-emigrantportraetter-det-danske-kultur-institut-st-petersborg-2018-8cfa21ab-87ff-475e-aa09-8aca3653e2ec\">(S) Udstillingen \u201cM\u00f8det\u201d 11 emigrantportr\u00e6tter, Det Danske Kultur Institut, St. Petersborg. 2018<\/h6>\n\n\n\n<h6 class=\"wp-block-heading\" id=\"s-udstillingen-modet-11-emigrantportraetter-soljenitsynhusetemigranthuset-moskva-2018-7e3a36ff-f4a4-4133-a51d-ec89a1632f7e\">(S) Udstillingen \u201cM\u00f8det\u201d 11 emigrantportr\u00e6tter, Soljenitsynhuset\/Emigranthuset Moskva 2018<\/h6>\n\n\n\n<h6 class=\"wp-block-heading\" id=\"f-lys-over-lolland-2018-censureret-d78fb9eb-4e0d-412c-a954-88bc7952ad5d\">(F) \u201cLys over Lolland\u201d 2018 (censureret)<\/h6>\n\n\n\n<h3 class=\"wp-block-heading\" id=\"officielle-portraetter-60fa8232-0fec-426b-bdcb-f220ecf3ddcd\"><strong>Officielle portr\u00e6tter<\/strong><\/h3>\n\n\n\n<h6 class=\"wp-block-heading\" id=\"oldermand-eriksmidt-vvs-1991-53e09c53-8235-4635-9c91-09600992b819\">Oldermand ErikSmidt (VVS) 1991<\/h6>\n\n\n\n<h6 class=\"wp-block-heading\" id=\"borgmester-otto-jensen-sydfalster-9c4121f6-f91c-4ac0-a050-1796ffb07e16\">Borgmester Otto Jensen, SydFalster<\/h6>\n\n\n\n<h6 class=\"wp-block-heading\" id=\"borgmester-hans-aage-pedersen-sydfalster-2006-c9620aaf-af2b-4fe8-b5f4-7d0838a0cf16\">Borgmester Hans Aage Pedersen, SydFalster 2006<\/h6>\n\n\n\n<h6 class=\"wp-block-heading\" id=\"borgmester-soren-pind-kobehavns-radhus-2006-8f3981a3-bef2-45c6-9f67-889ecc90948a\">Borgmester S\u00f8ren Pind K\u00f8behavns R\u00e5dhus 2006<\/h6>\n\n\n\n<h6 class=\"wp-block-heading\" id=\"borgmester-kaj-petersen-guldborgsund-2010-83437ad7-3dfc-4a2f-aa22-e81f8e86f517\">Borgmester Kaj Petersen, Guldborgsund 2010<\/h6>\n\n\n\n<h6 class=\"wp-block-heading\" id=\"dirigent-dr-matti-hyokki-yl-male-choir-the-old-student-house-helsinki-finland-2013-7e1e87ab-6a52-48fe-a7fc-1b227b26fcf7\">Dirigent Dr. Matti Hy\u00f6kki, YL Male Choir, The Old Student House, Helsinki, Finland 2013<\/h6>\n\n\n\n<h6 class=\"wp-block-heading\" id=\"borgmester-stig-vestergaard-lolland-2013-18f034ad-afed-45bf-a350-4ef0f05b48af\">Borgmester Stig Vestergaard, Lolland 2013<\/h6>\n\n\n\n<h6 class=\"wp-block-heading\" id=\"komponist-carl-nielsen-koncerthus-odeon-odense-2017-d738c204-24b8-4440-8b40-ff8a27cc5bb1\">Komponist Carl Nielsen, Koncerthus Odeon, Odense 2017<\/h6>\n\n\n\n<h6 class=\"wp-block-heading\" id=\"borgmester-steen-dahlstrom-middelfart-2021-2c1efddb-7ea1-4856-9dfe-7c09dc183b59\">Borgmester Steen Dahlstr\u00f8m, Middelfart 2021<\/h6>\n\n\n\n<h3 class=\"wp-block-heading\" id=\"udsmykning-c886b8d3-87c8-4c66-81a7-3fb1c23f9b3d\"><strong>Udsmykning<\/strong><\/h3>\n\n\n\n<h6 class=\"wp-block-heading\" id=\"raf-aldergrove-belfast-1993-5cd300b0-15bc-4d71-ac38-f679a8f9198c\">RAF, Aldergrove, Belfast 1993<\/h6>\n\n\n\n<h6 class=\"wp-block-heading\" id=\"arrestmuren-holger-fenger-gruppen-nakskov-1999-1deeaf74-dc31-40bd-a353-e71f743c5fe8\">Arrestmuren, (Holger Fenger Gruppen) Nakskov 1999<\/h6>\n\n\n\n<h6 class=\"wp-block-heading\" id=\"oplevelsescenter-naturbornholm-aakirkeby-christianbjorn-design-2000-16d0fa7c-0ec8-40d6-99a0-6f748c0d8a18\">Oplevelsescenter NaturBornholm Aakirkeby (ChristianBj\u00f8rn Design) 2000<\/h6>\n\n\n\n<h6 class=\"wp-block-heading\" id=\"dr-regionalen-trapperum-2000-bd84cc45-b165-4a32-9e3b-0ae414176508\">DR Regionalen, Trapperum 2000<\/h6>\n\n\n\n<h6 class=\"wp-block-heading\" id=\"zoomuseum-2000-5a2cf7c6-0a5f-4e0e-b10a-e692ce779da5\">ZOOMuseum 2000<\/h6>\n\n\n\n<h6 class=\"wp-block-heading\" id=\"naturcenter-fosdalgaard-christian-bjorn-design-2001-71c2e1ad-eb57-46e7-8278-75516126fb88\">Naturcenter Fosdalgaard (Christian Bj\u00f8rn Design) 2001<\/h6>\n\n\n\n<h6 class=\"wp-block-heading\" id=\"flora-danica-vaerelset-royal-copenhagen-amagertorv-kobenhavn-2006-ab1b2e3c-cf87-4445-9c5e-629ff890ab1f\">Flora Danica v\u00e6relset, Royal Copenhagen, Amagertorv, K\u00f8benhavn 2006<\/h6>\n\n\n\n<h6 class=\"wp-block-heading\" id=\"oliemaleri-c-e-andersen-nakskov-2014-273b1664-66a5-44c2-9056-9f747225ad32\">Oliemaleri, C.E.Andersen, Nakskov 2014<\/h6>\n\n\n\n<h3 class=\"wp-block-heading\" id=\"tv-78f3dc78-b3dc-488a-8d88-4a02d0e9f30a\"><strong>TV<\/strong><\/h3>\n\n\n\n<h6 class=\"wp-block-heading\" id=\"10-tv-udsendelser-med-titlen-tegn-som-du-ser-dr-1995-1996-98-b646f12b-18df-41f7-a35b-22852ea2a641\">10 TV- udsendelser med titlen &#8220;Tegn, som du ser&#8221; DR 1995 (1996 &amp; 98)<\/h6>\n\n\n\n<h6 class=\"wp-block-heading\" id=\"besog-hos-anne-gyrite-schutt-med-signe-rye-tv2-ost-2007-a5d65917-5f2b-48ca-a807-dd5a59aca5fc\">Bes\u00f8g hos Anne Gyrite Sch\u00fctt med Signe Rye, TV2 \u00f8st 2007<\/h6>\n\n\n\n<h6 class=\"wp-block-heading\" id=\"tv-east-portraetudsendelse-udtryk-2018-00941745-0ec0-4b5e-8e3f-11f463574bf1\">TV East Portr\u00e6tudsendelse \u201cUdtryk\u201d 2018<\/h6>\n\n\n\n<h3 class=\"wp-block-heading\" id=\"videodvd-ebd554f3-3984-4382-83bc-03aa5edda0d2\"><strong>Video\/DVD<\/strong><\/h3>\n\n\n\n<h6 class=\"wp-block-heading\" id=\"vhs-iii-10-tvudsendelser-med-titlen-tegn-som-du-ser-samt-ekstramateriale-dr-1995-b0795fac-ceee-480a-93d7-c3ba6c03e67d\">VHS: I+II 10 TV-udsendelser med titlen &#8220;Tegn, som du ser&#8221; samt ekstramateriale. DR 1995<\/h6>\n\n\n\n<h6 class=\"wp-block-heading\" id=\"mal-med-anne-gyrite-schutt-co-bjarke-de-koning-2010-033d7e2f-392f-46c2-b432-ca645fac1210\">&#8220;Mal med Anne Gyrite Sch\u00fctt,&#8221; (Co Bjarke de Koning 2010)<\/h6>\n\n\n\n<h6 class=\"wp-block-heading\" id=\"kortfilm-22b8bdd6-fc9d-4e64-b4bf-7910c7bb360e\"><strong>Kortfilm:<\/strong><\/h6>\n\n\n\n<h6 class=\"wp-block-heading\" id=\"lille-film-om-tegnekunsten-med-anne-gyrite-schutt-i-sit-atelier-tegnerforbundet-2016--4515e1cf-4a92-4169-9e0d-bd248795b6f7\">Lille film om tegnekunsten, med Anne Gyrite Sch\u00fctt i sit atelier, Tegnerforbundet 2016.<\/h6>\n\n\n\n<h3 class=\"wp-block-heading\" id=\"retsalstegninger-9e9905e7-feb5-4825-9970-8ff4620a72ba\"><strong>Retsalstegninger<\/strong><\/h3>\n\n\n\n<h6 class=\"wp-block-heading\" id=\"bt-blekingadekuppet-1999-5d3b5bac-d80a-464e-ba43-f2b2478b9747\">BT, Blekingadekuppet 1999<\/h6>\n\n\n\n<h6 class=\"wp-block-heading\" id=\"terrorsagen-fra-glostrup-bd91e02a-e46f-4bea-b1b2-9707e018a6df\">Terrorsagen fra Glostrup<\/h6>\n\n\n\n<h6 class=\"wp-block-heading\" id=\"bt-terrorsagen-glasgade-retten-i-glostrup-2008-b4ea9d93-fa16-48e4-999b-75c550501b73\">BT, Terrorsagen, Glasgade, Retten i Glostrup 2008<\/h6>\n\n\n\n<h6 class=\"wp-block-heading\" id=\"bt-huemordet-kobenhavns-byret-2008-2cc912fd-8d06-49b2-b4fd-3c1b3dc0e6a8\">BT, &#8220;Hue-mordet&#8221;, K\u00f8benhavns Byret 2008<\/h6>\n\n\n\n<h6 class=\"wp-block-heading\" id=\"amagermanden-bt-dr1nyheder-2011-cd6df10e-8cf9-4930-a0d0-563cb3901f81\">Amagermanden, BT, DR1-Nyheder 2011<\/h6>\n\n\n\n<h6 class=\"wp-block-heading\" id=\"lobende-for-bt-berlingske-tv2-dr-tveast--001e3ea9-f5c4-45b6-b8ae-26bf63110b76\">l\u00f8bende for BT, Berlingske, TV2, DR, TV-East.<\/h6>\n\n\n\n<h6 class=\"wp-block-heading\" id=\"madsenubadssagen-for-scanpixritzau-udkommet-i-hele-verden-2018-648ccee2-a856-4f5c-aeb7-527445727793\">Madsen\/U-b\u00e5ds-sagen for Scanpix\/Ritzau (Udkommet i hele Verden) 2018<\/h6>\n\n\n\n<h6 class=\"wp-block-heading\" id=\"britta-sagen-for-bt-2020-08e0943b-7214-4c39-ab87-1889a35666f8\">&#8216;Britta sagen&#8217; for BT, 2020<\/h6>\n\n\n\n<h3 class=\"wp-block-heading\" id=\"illustrationer-c9d5660e-41b1-439e-8372-117e43c24ab4\"><strong>Illustrationer<\/strong><\/h3>\n\n\n\n<h6 class=\"wp-block-heading\" id=\"troen-flytter-bjerge-om-vikinger-hojers-forlag-2002-4f4542f8-6552-469a-95dd-e9cef37be41c\">&#8220;Troen flytter bjerge&#8221; (om vikinger), H\u00f8jers Forlag 2002<\/h6>\n\n\n\n<h6 class=\"wp-block-heading\" id=\"danmarks-dyreabc-forlaget-tommeliden-aps-2002-b8ca7e5e-282d-48ea-9d1f-b03fb3ad703a\">&#8220;Danmarks DyreABC, Forlaget Tommeliden Aps 2002<\/h6>\n\n\n\n<h6 class=\"wp-block-heading\" id=\"bionik-mennesket-laerer-af-naturen-zoomuseum-2004-bc0a2236-ae55-4772-943a-84fe017d91fc\">Bionik, mennesket l\u00e6rer af naturen, ZooMuseum 2004<\/h6>\n\n\n\n<h6 class=\"wp-block-heading\" id=\"gyldendals-guide-til-danske-fossiler-gyldendal-2004-97dcc1c6-ef49-47a7-9c17-5ee77d57a573\">Gyldendals guide til Danske fossiler, Gyldendal 2004<\/h6>\n\n\n\n<h6 class=\"wp-block-heading\" id=\"uddode-dyr-forlaget-cadeau-2005-b8b335a8-4bc1-45ae-9a65-57c7c6878fb4\">Udd\u00f8de Dyr, Forlaget Cadeau 2005<\/h6>\n\n\n\n<h6 class=\"wp-block-heading\" id=\"svob-dit-barn-olivia-2006-b5f00fdf-993c-463f-928f-bee8c7943fc2\">&#8220;Sv\u00f8b dit barn&#8221; Olivia 2006<\/h6>\n\n\n\n<h6 class=\"wp-block-heading\" id=\"inkalandet-hojers-forlag-2008-c097369b-11b5-4723-a289-d836f4757ff1\">&#8220;Inkalandet&#8221;, H\u00f8jers forlag 2008<\/h6>\n\n\n\n<h6 class=\"wp-block-heading\" id=\"om-angst-queenswood-2009-37ae9b47-f0e5-4404-9f50-45c9f816c7e1\">&#8220;Om angst&#8221;, Queenswood 2009<\/h6>\n\n\n\n<h6 class=\"wp-block-heading\" id=\"med-flere--b659f6f2-b991-4955-888f-1cbe2207d880\">med flere.<\/h6>\n\n\n\n<h3 class=\"wp-block-heading\" id=\"anden-kunstnerisk-virksomhed-e721be23-add3-40e6-8696-db21c7a5f5ad\"><strong>Anden Kunstnerisk virksomhed<\/strong><\/h3>\n\n\n\n<h6 class=\"wp-block-heading\" id=\"portraettegner-tivoli-1994-95-6ef71866-0eb4-4630-a2a8-275daa4b527d\">Portr\u00e6ttegner, Tivoli, 1994 -95<\/h6>\n\n\n\n<h6 class=\"wp-block-heading\" id=\"illustrator-skoletjenesten-zoologisk-museum-19982005-81f23cd7-209b-4929-810b-6291a5bb4386\">Illustrator, Skoletjenesten Zoologisk Museum 1998-2005<\/h6>\n\n\n\n<h6 class=\"wp-block-heading\" id=\"udstillingskonsulent-middelaldercentret-200910-201213--63dafaa9-2ada-483f-9174-d6c3e64d85b0\">Udstillingskonsulent Middelaldercentret. 2009-10, 2012-13.<\/h6>\n\n\n\n<h6 class=\"wp-block-heading\" id=\"udstillingskonsulent-design-udsmykning-middelaldercentret-201819--0b097143-cec5-4f5e-99ad-3ec54e4603c2\">Udstillingskonsulent, design, udsmykning, Middelaldercentret 2018-19.<\/h6>\n\n\n\n<h6 class=\"wp-block-heading\" id=\"portraetmasterclass-det-danske-kulturinstitut-st-petersborg-2018-6d3d4c3d-989c-41be-a55e-6af7cf54ec5b\">Portr\u00e6t-Masterclass, Det Danske Kulturinstitut, St. Petersborg 2018<\/h6>\n\n\n\n<h6 class=\"wp-block-heading\" id=\"portraetmasterclass-soljenitsyn-huset-moskva-2018--040591cf-3a66-4011-aa4b-844e610aa035\">Portr\u00e6t-Masterclass, Soljenitsyn Huset, Moskva 2018.<\/h6>\n\n\n\n<h6 class=\"wp-block-heading\" id=\"portraetmasterclass-museum-lolland-falster-maribo-2018-45a5dc64-d675-4b4f-9a04-78a09d42257b\">Portr\u00e6t-Masterclass, Museum Lolland Falster, Maribo 2018<\/h6>\n\n\n\n<h6 class=\"wp-block-heading\" id=\"portraetbestilling-king-richard-iii-15-arh-teknik-the-medieval-gallery-dunster-england-2018-3b8a3e05-dfc3-40df-8c52-287af7cc9dd9\">Portr\u00e6tbestilling, King Richard III (15 \u00e5rh. teknik) \u201cThe Medieval Gallery\u201d Dunster, England 2018<\/h6>\n","protected":false},"excerpt":{"rendered":"<p>&nbsp; Lys over Lolland 2019 \u201cBodyencounter\u201d En serie malerier (her et udsnit) af henholdsvis nutidige kvinder, til venstre i malerierne, i et malet m\u00f8de, p\u00e5 tv\u00e6rs af tid med forskellige kvindemodeller som de er set i kunsthistorien i forskellige epoker.&nbsp; Det Danske Kulturinstitut, St. Petersborg 2017-2018 The Danish Cultural Institut,&hellip;<\/p>\n<p class=\"more-link-wrapper\"><a class=\"more-link\" href=\"https:\/\/annegyriteschutt.dk\/index.php\/udstillinger\/\"><span class=\"fa fa-mail-forward read-more-icon\"><\/span><span class=\"screen-reader-text\">Read More<\/span><\/a><\/p>\n","protected":false},"author":1,"featured_media":0,"parent":0,"menu_order":0,"comment_status":"closed","ping_status":"closed","template":"","meta":{"advgb_blocks_editor_width":"","advgb_blocks_columns_visual_guide":"","footnotes":"","_links_to":"","_links_to_target":""},"coauthors":[],"author_meta":{"author_link":"https:\/\/annegyriteschutt.dk\/index.php\/author\/admin\/","display_name":"admin"},"relative_dates":{"created":"Udgivet 5 \u00e5r siden","modified":"Opdateret 3 m\u00e5neder siden"},"absolute_dates":{"created":"Udgivet 26. oktober 2020","modified":"Opdateret 7. januar 2026"},"absolute_dates_time":{"created":"Udgivet 26. oktober 2020 10:55 am","modified":"Opdateret 7. januar 2026 9:53 am"},"featured_img_caption":"","featured_img":false,"series_order":"","_links":{"self":[{"href":"https:\/\/annegyriteschutt.dk\/index.php\/wp-json\/wp\/v2\/pages\/88"}],"collection":[{"href":"https:\/\/annegyriteschutt.dk\/index.php\/wp-json\/wp\/v2\/pages"}],"about":[{"href":"https:\/\/annegyriteschutt.dk\/index.php\/wp-json\/wp\/v2\/types\/page"}],"author":[{"embeddable":true,"href":"https:\/\/annegyriteschutt.dk\/index.php\/wp-json\/wp\/v2\/users\/1"}],"replies":[{"embeddable":true,"href":"https:\/\/annegyriteschutt.dk\/index.php\/wp-json\/wp\/v2\/comments?post=88"}],"version-history":[{"count":15,"href":"https:\/\/annegyriteschutt.dk\/index.php\/wp-json\/wp\/v2\/pages\/88\/revisions"}],"predecessor-version":[{"id":956,"href":"https:\/\/annegyriteschutt.dk\/index.php\/wp-json\/wp\/v2\/pages\/88\/revisions\/956"}],"wp:attachment":[{"href":"https:\/\/annegyriteschutt.dk\/index.php\/wp-json\/wp\/v2\/media?parent=88"}],"curies":[{"name":"wp","href":"https:\/\/api.w.org\/{rel}","templated":true}]}}