{"id":80,"date":"2020-10-26T10:40:50","date_gmt":"2020-10-26T10:40:50","guid":{"rendered":"https:\/\/annegyriteschutt.dk\/?page_id=80"},"modified":"2026-01-07T09:57:16","modified_gmt":"2026-01-07T09:57:16","slug":"udsmykning","status":"publish","type":"page","link":"https:\/\/annegyriteschutt.dk\/index.php\/udsmykning\/","title":{"rendered":"Ceilings and murals"},"content":{"rendered":"\n<figure class=\"wp-block-gallery has-nested-images columns-default is-cropped wp-block-gallery-1 is-layout-flex wp-block-gallery-is-layout-flex\">\n<figure class=\"wp-block-image size-large\"><img decoding=\"async\" loading=\"lazy\" width=\"960\" height=\"720\" data-id=\"148\" src=\"https:\/\/annegyriteschutt.dk\/wp-content\/uploads\/2020\/10\/121154674_10159404044595769_3142792204895156272_n.jpg\" alt=\"\" class=\"wp-image-148\" srcset=\"https:\/\/annegyriteschutt.dk\/wp-content\/uploads\/2020\/10\/121154674_10159404044595769_3142792204895156272_n.jpg 960w, https:\/\/annegyriteschutt.dk\/wp-content\/uploads\/2020\/10\/121154674_10159404044595769_3142792204895156272_n-300x225.jpg 300w, https:\/\/annegyriteschutt.dk\/wp-content\/uploads\/2020\/10\/121154674_10159404044595769_3142792204895156272_n-768x576.jpg 768w\" sizes=\"(max-width: 960px) 100vw, 960px\" \/><\/figure>\n\n\n\n<figure class=\"wp-block-image size-large\"><img decoding=\"async\" loading=\"lazy\" width=\"960\" height=\"720\" data-id=\"149\" src=\"https:\/\/annegyriteschutt.dk\/wp-content\/uploads\/2020\/10\/121169385_10159404044640769_6659985695762352511_n.jpg\" alt=\"\" class=\"wp-image-149\" srcset=\"https:\/\/annegyriteschutt.dk\/wp-content\/uploads\/2020\/10\/121169385_10159404044640769_6659985695762352511_n.jpg 960w, https:\/\/annegyriteschutt.dk\/wp-content\/uploads\/2020\/10\/121169385_10159404044640769_6659985695762352511_n-300x225.jpg 300w, https:\/\/annegyriteschutt.dk\/wp-content\/uploads\/2020\/10\/121169385_10159404044640769_6659985695762352511_n-768x576.jpg 768w\" sizes=\"(max-width: 960px) 100vw, 960px\" \/><\/figure>\n<\/figure>\n\n\n\n<h2 class=\"wp-block-heading\" id=\"loftsmaleri-i-tysk-palae-fra-det-19-arh-2021\">Loftsmaleri i tysk pal\u00e6 fra det 19. \u00e5rh. 2021<\/h2>\n\n\n\n<p><\/p>\n\n\n\n<p><\/p>\n\n\n\n<figure class=\"wp-block-image size-full\"><img decoding=\"async\" loading=\"lazy\" width=\"960\" height=\"720\" src=\"https:\/\/annegyriteschutt.dk\/wp-content\/uploads\/2022\/01\/faerdigeloft.jpg\" alt=\"\" class=\"wp-image-350\" srcset=\"https:\/\/annegyriteschutt.dk\/wp-content\/uploads\/2022\/01\/faerdigeloft.jpg 960w, https:\/\/annegyriteschutt.dk\/wp-content\/uploads\/2022\/01\/faerdigeloft-300x225.jpg 300w, https:\/\/annegyriteschutt.dk\/wp-content\/uploads\/2022\/01\/faerdigeloft-768x576.jpg 768w\" sizes=\"(max-width: 960px) 100vw, 960px\" \/><\/figure>\n\n\n\n<div style=\"height:43px\" aria-hidden=\"true\" class=\"wp-block-spacer\"><\/div>\n\n\n\n<h2 class=\"wp-block-heading\">Udsmykning<\/h2>\n\n\n\n<h6 class=\"wp-block-heading\">RAF, Aldergrove, Belfast 1993<\/h6>\n\n\n\n<h6 class=\"wp-block-heading\">Arrestmuren, (Holger Fenger Gruppen) Nakskov 1999<\/h6>\n\n\n\n<h6 class=\"wp-block-heading\">Oplevelsescenter NaturBornholm Aakirkeby (ChristianBj\u00f8rn Design) 2000<\/h6>\n\n\n\n<h6 class=\"wp-block-heading\">DR Regionalen, Trapperum 2000<\/h6>\n\n\n\n<h6 class=\"wp-block-heading\">ZOOMuseum 2000<\/h6>\n\n\n\n<h6 class=\"wp-block-heading\">Naturcenter Fosdalgaard (Christian Bj\u00f8rn Design) 2001<\/h6>\n\n\n\n<h6 class=\"wp-block-heading\">Flora Danica v\u00e6relset, Royal Copenhagen, Amagertorv, K\u00f8benhavn 2006<\/h6>\n\n\n\n<h6 class=\"wp-block-heading\">Oliemaleri, C.E.Andersen, Nakskov 2014<\/h6>\n\n\n\n<p><\/p>\n","protected":false},"excerpt":{"rendered":"<p>Loftsmaleri i tysk pal\u00e6 fra det 19. \u00e5rh. 2021 Udsmykning RAF, Aldergrove, Belfast 1993 Arrestmuren, (Holger Fenger Gruppen) Nakskov 1999 Oplevelsescenter NaturBornholm Aakirkeby (ChristianBj\u00f8rn Design) 2000 DR Regionalen, Trapperum 2000 ZOOMuseum 2000 Naturcenter Fosdalgaard (Christian Bj\u00f8rn Design) 2001 Flora Danica v\u00e6relset, Royal Copenhagen, Amagertorv, K\u00f8benhavn 2006 Oliemaleri, C.E.Andersen, Nakskov 2014<\/p>\n","protected":false},"author":1,"featured_media":0,"parent":0,"menu_order":0,"comment_status":"closed","ping_status":"closed","template":"","meta":{"advgb_blocks_editor_width":"","advgb_blocks_columns_visual_guide":"","footnotes":"","_links_to":"","_links_to_target":""},"coauthors":[],"author_meta":{"author_link":"https:\/\/annegyriteschutt.dk\/index.php\/author\/admin\/","display_name":"admin"},"relative_dates":{"created":"Udgivet 5 \u00e5r siden","modified":"Opdateret 3 m\u00e5neder siden"},"absolute_dates":{"created":"Udgivet 26. oktober 2020","modified":"Opdateret 7. januar 2026"},"absolute_dates_time":{"created":"Udgivet 26. oktober 2020 10:40 am","modified":"Opdateret 7. januar 2026 9:57 am"},"featured_img_caption":"","featured_img":false,"series_order":"","_links":{"self":[{"href":"https:\/\/annegyriteschutt.dk\/index.php\/wp-json\/wp\/v2\/pages\/80"}],"collection":[{"href":"https:\/\/annegyriteschutt.dk\/index.php\/wp-json\/wp\/v2\/pages"}],"about":[{"href":"https:\/\/annegyriteschutt.dk\/index.php\/wp-json\/wp\/v2\/types\/page"}],"author":[{"embeddable":true,"href":"https:\/\/annegyriteschutt.dk\/index.php\/wp-json\/wp\/v2\/users\/1"}],"replies":[{"embeddable":true,"href":"https:\/\/annegyriteschutt.dk\/index.php\/wp-json\/wp\/v2\/comments?post=80"}],"version-history":[{"count":13,"href":"https:\/\/annegyriteschutt.dk\/index.php\/wp-json\/wp\/v2\/pages\/80\/revisions"}],"predecessor-version":[{"id":960,"href":"https:\/\/annegyriteschutt.dk\/index.php\/wp-json\/wp\/v2\/pages\/80\/revisions\/960"}],"wp:attachment":[{"href":"https:\/\/annegyriteschutt.dk\/index.php\/wp-json\/wp\/v2\/media?parent=80"}],"curies":[{"name":"wp","href":"https:\/\/api.w.org\/{rel}","templated":true}]}}