{"id":770,"date":"2024-05-01T06:21:47","date_gmt":"2024-05-01T06:21:47","guid":{"rendered":"https:\/\/annegyriteschutt.dk\/?page_id=770"},"modified":"2025-01-27T12:41:53","modified_gmt":"2025-01-27T12:41:53","slug":"exhibitions-2024","status":"publish","type":"page","link":"https:\/\/annegyriteschutt.dk\/index.php\/exhibitions-2024\/","title":{"rendered":"Exhibitions 2024"},"content":{"rendered":"\n<div style=\"height:100px\" aria-hidden=\"true\" class=\"wp-block-spacer\"><\/div>\n\n\n\n<h2 class=\"wp-block-heading\">MS\u00d8 25 &#8211; Sommerudstillingen p\u00e5 Masned\u00f8fort<\/h2>\n\n\n\n<p>Fernisering l\u00f8rdag d.21 juni kl.14-17.00&nbsp;<\/p>\n\n\n\n<p>Udstillingen varer til og med s\u00f8ndag d.3 august.&nbsp;<\/p>\n\n\n\n<div style=\"height:100px\" aria-hidden=\"true\" class=\"wp-block-spacer\"><\/div>\n\n\n\n<h2 class=\"wp-block-heading\">Jule\u00e5bent<\/h2>\n\n\n\n<p><strong>Anne Gyrite leder dig i fristelse weekenden 30. nov-1. dec kl. 12-17<\/strong><\/p>\n\n\n\n<p>Traditionen tro \u00e5bner jeg d\u00f8rene til mit v\u00e6rksted og byder p\u00e5 k\u00f8revenlig \u00e6blegl\u00f6gg &#8211;&nbsp;<\/p>\n\n\n\n<p>og knas.&nbsp;<\/p>\n\n\n\n<p>Her blomstrer det stadig p\u00e5 billederne med insekter og frodige gr\u00f8ftekanter, fra&nbsp;udstillingen: Mose, eng og hest jeg havde hos galleri Arleth i sommer.&nbsp;Og udstillingen \u201cEn Ko-produktion\u201d fra efter\u00e5rets udstilling p\u00e5 \u201cTrappegalleriet\u201d i Nakskov.&nbsp;<\/p>\n\n\n\n<p>Nye billeder er kommet til &#8211; s\u00e5 atelieret bugner af liv.&nbsp;Bla. tegninger af de s\u00e6rlige \u201cFl\u00f8jte-tudser\u201d som ogs\u00e5 findes hernede p\u00e5 \u00f8erne.&nbsp;<\/p>\n\n\n\n<p>Det er det n\u00e6re liv, fra marker og gr\u00f8ftekanter omkring os, der hyldes lige fra en \u201chyldemor\u201d &#8211; en blomstrende hyldebusk, gr\u00e6ssende kv\u00e6g og heste til en \u201cko-kage\u201d med insekter og \u00e6gte bladguld, som hyldes i malerier og tegninger.&nbsp;<\/p>\n\n\n\n<p>Jeg vil v\u00e6re til stede og klar til en god snak og en lun kop i den gamle skolestue.<\/p>\n\n\n\n<p>Det vil v\u00e6re muligt at se originaltegninger fra de store retssale. Tegningerne er ikke til salg, da de skal for\u00e6res til et museum engang, men de vises gerne frem!&nbsp;<\/p>\n\n\n\n<figure class=\"wp-block-image size-full\"><img decoding=\"async\" loading=\"lazy\" width=\"800\" height=\"617\" src=\"https:\/\/annegyriteschutt.dk\/wp-content\/uploads\/2024\/11\/annehjerte1.jpg\" alt=\"\" class=\"wp-image-866\" srcset=\"https:\/\/annegyriteschutt.dk\/wp-content\/uploads\/2024\/11\/annehjerte1.jpg 800w, https:\/\/annegyriteschutt.dk\/wp-content\/uploads\/2024\/11\/annehjerte1-300x231.jpg 300w, https:\/\/annegyriteschutt.dk\/wp-content\/uploads\/2024\/11\/annehjerte1-768x592.jpg 768w\" sizes=\"(max-width: 800px) 100vw, 800px\" \/><\/figure>\n\n\n\n<div style=\"height:100px\" aria-hidden=\"true\" class=\"wp-block-spacer\"><\/div>\n\n\n\n<h2 class=\"wp-block-heading\">Ko-produktion<\/h2>\n\n\n\n<p><strong>Udstilling med Jesper Art Hyllemose 12. oktober til 16. november 2024<\/strong><\/p>\n\n\n\n<p>Trappegalleriet<\/p>\n\n\n\n<p>Kattesundet 6, Nakskov<\/p>\n\n\n\n<figure class=\"wp-block-image size-full\"><img decoding=\"async\" loading=\"lazy\" width=\"843\" height=\"537\" src=\"https:\/\/annegyriteschutt.dk\/wp-content\/uploads\/2024\/09\/koproduktion.jpg\" alt=\"\" class=\"wp-image-845\" srcset=\"https:\/\/annegyriteschutt.dk\/wp-content\/uploads\/2024\/09\/koproduktion.jpg 843w, https:\/\/annegyriteschutt.dk\/wp-content\/uploads\/2024\/09\/koproduktion-300x191.jpg 300w, https:\/\/annegyriteschutt.dk\/wp-content\/uploads\/2024\/09\/koproduktion-768x489.jpg 768w\" sizes=\"(max-width: 843px) 100vw, 843px\" \/><\/figure>\n\n\n\n<p><\/p>\n\n\n\n<p>Dette er en udstilling jeg gl\u00e6der mig meget til. \u201cKo-produktion\u201d hedder den. Jeg samarbejder nemlig med <a href=\"https:\/\/www.facebook.com\/jesper.hyllemose?__cft__[0]=AZW9LcuPjqrQUqZBWv35JLo3-1EXdM3QSp1CZ0JgUX0uq8Yg-ZEscxoeHbfKb6Uj7zJ_j8Yjp8qbklWLzVH-Wkt9oYbLoZTVfEKMbWmFzImdaKAGkw2vPYwGTYOJTo4o756Tk9nmXnKuzvS7wxw7o4siJLhYzIb7lVRKMs0H3ExGPA&amp;__tn__=-]K-R\">Jesper Art Hyllemose<\/a>. Jesper har foruden sin kendte fotostil ogs\u00e5 arbejdet med lyd, og jeg er s\u00e5 heldig at nogle af mine komalerier kommer til at h\u00e6nge i hans lydunivers.<\/p>\n\n\n\n<p>Billederne her er dels fra G\u00e6stelykkes gamle marker, hvor der gik k\u00f8er i Jespers barndom, nemlig hans for\u00e6ldres\u2026 som jeg husker som lille pige og kaldte for \u201ck\u00f8 k\u00f8erne\u201d og lavede tegninger til Jespers for\u00e6ldre, s\u00e5 vores f\u00e6lles k\u00e6rlighed til k\u00f8er er det solide fundament for Ko-produktionen. De afsl\u00f8rer ikke mine malerier, som er undervejs, men indikerer forarbejdet.<\/p>\n\n\n\n<div class=\"wp-block-group\"><div class=\"wp-block-group__inner-container is-layout-constrained wp-block-group-is-layout-constrained\">\n<div class=\"wp-block-columns is-layout-flex wp-container-core-columns-is-layout-2 wp-block-columns-is-layout-flex\">\n<div class=\"wp-block-column is-layout-flow wp-block-column-is-layout-flow\" style=\"flex-basis:100%\">\n<div class=\"wp-block-columns is-layout-flex wp-container-core-columns-is-layout-1 wp-block-columns-is-layout-flex\">\n<div class=\"wp-block-column is-layout-flow wp-block-column-is-layout-flow\" style=\"flex-basis:100%\">\n<figure class=\"wp-block-gallery has-nested-images columns-default is-cropped wp-block-gallery-1 is-layout-flex wp-block-gallery-is-layout-flex\">\n<figure class=\"wp-block-image size-large\"><img decoding=\"async\" loading=\"lazy\" width=\"1024\" height=\"807\" src=\"https:\/\/annegyriteschutt.dk\/wp-content\/uploads\/2024\/09\/461576748_10162779578360769_1489367074527388618_n-1024x807.jpg\" alt=\"\" class=\"wp-image-851\" srcset=\"https:\/\/annegyriteschutt.dk\/wp-content\/uploads\/2024\/09\/461576748_10162779578360769_1489367074527388618_n-1024x807.jpg 1024w, https:\/\/annegyriteschutt.dk\/wp-content\/uploads\/2024\/09\/461576748_10162779578360769_1489367074527388618_n-300x236.jpg 300w, https:\/\/annegyriteschutt.dk\/wp-content\/uploads\/2024\/09\/461576748_10162779578360769_1489367074527388618_n-768x605.jpg 768w, https:\/\/annegyriteschutt.dk\/wp-content\/uploads\/2024\/09\/461576748_10162779578360769_1489367074527388618_n-1536x1211.jpg 1536w, https:\/\/annegyriteschutt.dk\/wp-content\/uploads\/2024\/09\/461576748_10162779578360769_1489367074527388618_n-1200x946.jpg 1200w, https:\/\/annegyriteschutt.dk\/wp-content\/uploads\/2024\/09\/461576748_10162779578360769_1489367074527388618_n.jpg 2048w\" sizes=\"(max-width: 1024px) 100vw, 1024px\" \/><\/figure>\n\n\n\n<figure class=\"wp-block-image size-large\"><img decoding=\"async\" loading=\"lazy\" width=\"600\" height=\"387\" src=\"https:\/\/annegyriteschutt.dk\/wp-content\/uploads\/2024\/09\/461681340_10162779578495769_8603475830201179919_n.jpg\" alt=\"\" class=\"wp-image-852\" srcset=\"https:\/\/annegyriteschutt.dk\/wp-content\/uploads\/2024\/09\/461681340_10162779578495769_8603475830201179919_n.jpg 600w, https:\/\/annegyriteschutt.dk\/wp-content\/uploads\/2024\/09\/461681340_10162779578495769_8603475830201179919_n-300x194.jpg 300w\" sizes=\"(max-width: 600px) 100vw, 600px\" \/><\/figure>\n<\/figure>\n<\/div>\n<\/div>\n<\/div>\n<\/div>\n<\/div><\/div>\n\n\n\n<div style=\"height:100px\" aria-hidden=\"true\" class=\"wp-block-spacer\"><\/div>\n\n\n\n<h2 class=\"wp-block-heading\">Mose, eng og hest<\/h2>\n\n\n\n<p><\/p>\n\n\n\n<p><\/p>\n\n\n\n<p><strong>Separatudstilling<\/strong> <strong>6. juli til 29. september 2024<\/strong><\/p>\n\n\n\n<p><strong>Fernisering<\/strong> <strong>L\u00f8rdag d.6 Juli kl.13 &#8211; 16.00<\/strong><\/p>\n\n\n\n<p><\/p>\n\n\n\n<p>Galleri Arleth<\/p>\n\n\n\n<p>Strandhusevej 9, Horbelev.<\/p>\n\n\n\n<figure class=\"wp-block-image size-full\"><img decoding=\"async\" loading=\"lazy\" width=\"509\" height=\"720\" src=\"https:\/\/annegyriteschutt.dk\/wp-content\/uploads\/2024\/07\/449943189_1004390054808982_7677391191569700040_n.jpg\" alt=\"\" class=\"wp-image-829\" srcset=\"https:\/\/annegyriteschutt.dk\/wp-content\/uploads\/2024\/07\/449943189_1004390054808982_7677391191569700040_n.jpg 509w, https:\/\/annegyriteschutt.dk\/wp-content\/uploads\/2024\/07\/449943189_1004390054808982_7677391191569700040_n-212x300.jpg 212w\" sizes=\"(max-width: 509px) 100vw, 509px\" \/><\/figure>\n\n\n\n<p>Siden barndommen hvor jeg foruden at have en Dartmoorpony ogs\u00e5 gik meget op i forurening og k\u00e6rlighed til naturen -hvilket netop var et tema i min f\u00f8rste separatudstilling som 11-\u00e5rig.<\/p>\n\n\n\n<p>Her tager jeg emnet op igen, men med fokus p\u00e5 hvad vi faktisk kan se omkring os.<\/p>\n\n\n\n<p>I haven er det bedste jeg ved, at sidde i \u00f8jenh\u00f8jde ved min efterh\u00e5nden ganske udbredte havemerian og svime hen i synet af de mange forskellige travle bier og sommerfugle der dukker op n\u00e5r de blomstrer &#8211;<\/p>\n\n\n\n<p>Denne udstilling er en hyldest til stemninger &#8211; og det mylder af liv lige omkring os &#8211; som kan virke undseligt &#8211; flora som fauna, men som er s\u00e5 uendeligt vigtig.<\/p>\n\n\n\n<p>Nogle af billederne er malet p\u00e5 gamle tr\u00e6l\u00e5ger, hvilket kombinerer b\u00e5de genbrug men ogs\u00e5 min trang til at male p\u00e5 tr\u00e6, som jeg elsker at n\u00f8rde med i middelalder- og ren\u00e6ssancemale-teknikker.<\/p>\n\n\n\n<p>Velkommen til og foruden mine billeder i hele galleriet, kan man opleve Michael og Anettes helt unikke b\u00e5de skulpturer og smykker.<\/p>\n\n\n\n<p><\/p>\n\n\n\n<p>Anne Gyrite Sch\u00fct<\/p>\n\n\n\n<figure class=\"wp-block-gallery has-nested-images columns-default is-cropped wp-block-gallery-8 is-layout-flex wp-block-gallery-is-layout-flex\">\n<figure class=\"wp-block-image size-large\"><img decoding=\"async\" loading=\"lazy\" width=\"1024\" height=\"927\" data-id=\"831\" src=\"https:\/\/annegyriteschutt.dk\/wp-content\/uploads\/2024\/07\/449786430_10162488429850769_858343400770316517_n-1024x927.jpg\" alt=\"\" class=\"wp-image-831\" srcset=\"https:\/\/annegyriteschutt.dk\/wp-content\/uploads\/2024\/07\/449786430_10162488429850769_858343400770316517_n-1024x927.jpg 1024w, https:\/\/annegyriteschutt.dk\/wp-content\/uploads\/2024\/07\/449786430_10162488429850769_858343400770316517_n-300x272.jpg 300w, https:\/\/annegyriteschutt.dk\/wp-content\/uploads\/2024\/07\/449786430_10162488429850769_858343400770316517_n-768x695.jpg 768w, https:\/\/annegyriteschutt.dk\/wp-content\/uploads\/2024\/07\/449786430_10162488429850769_858343400770316517_n-1536x1391.jpg 1536w, https:\/\/annegyriteschutt.dk\/wp-content\/uploads\/2024\/07\/449786430_10162488429850769_858343400770316517_n-1200x1086.jpg 1200w, https:\/\/annegyriteschutt.dk\/wp-content\/uploads\/2024\/07\/449786430_10162488429850769_858343400770316517_n.jpg 2048w\" sizes=\"(max-width: 1024px) 100vw, 1024px\" \/><\/figure>\n\n\n\n<figure class=\"wp-block-image size-large\"><img decoding=\"async\" loading=\"lazy\" width=\"817\" height=\"1024\" data-id=\"826\" src=\"https:\/\/annegyriteschutt.dk\/wp-content\/uploads\/2024\/07\/449773192_10162488429700769_7643158206862133111_n-817x1024.jpg\" alt=\"\" class=\"wp-image-826\" srcset=\"https:\/\/annegyriteschutt.dk\/wp-content\/uploads\/2024\/07\/449773192_10162488429700769_7643158206862133111_n-817x1024.jpg 817w, https:\/\/annegyriteschutt.dk\/wp-content\/uploads\/2024\/07\/449773192_10162488429700769_7643158206862133111_n-239x300.jpg 239w, https:\/\/annegyriteschutt.dk\/wp-content\/uploads\/2024\/07\/449773192_10162488429700769_7643158206862133111_n-768x963.jpg 768w, https:\/\/annegyriteschutt.dk\/wp-content\/uploads\/2024\/07\/449773192_10162488429700769_7643158206862133111_n-1226x1536.jpg 1226w, https:\/\/annegyriteschutt.dk\/wp-content\/uploads\/2024\/07\/449773192_10162488429700769_7643158206862133111_n-1200x1504.jpg 1200w, https:\/\/annegyriteschutt.dk\/wp-content\/uploads\/2024\/07\/449773192_10162488429700769_7643158206862133111_n.jpg 1634w\" sizes=\"(max-width: 817px) 100vw, 817px\" \/><\/figure>\n\n\n\n<figure class=\"wp-block-image size-large\"><img decoding=\"async\" loading=\"lazy\" width=\"1024\" height=\"871\" data-id=\"827\" src=\"https:\/\/annegyriteschutt.dk\/wp-content\/uploads\/2024\/07\/449824677_10162488429895769_4373081538544834138_n-1024x871.jpg\" alt=\"\" class=\"wp-image-827\" srcset=\"https:\/\/annegyriteschutt.dk\/wp-content\/uploads\/2024\/07\/449824677_10162488429895769_4373081538544834138_n-1024x871.jpg 1024w, https:\/\/annegyriteschutt.dk\/wp-content\/uploads\/2024\/07\/449824677_10162488429895769_4373081538544834138_n-300x255.jpg 300w, https:\/\/annegyriteschutt.dk\/wp-content\/uploads\/2024\/07\/449824677_10162488429895769_4373081538544834138_n-768x653.jpg 768w, https:\/\/annegyriteschutt.dk\/wp-content\/uploads\/2024\/07\/449824677_10162488429895769_4373081538544834138_n-1536x1307.jpg 1536w, https:\/\/annegyriteschutt.dk\/wp-content\/uploads\/2024\/07\/449824677_10162488429895769_4373081538544834138_n-1200x1021.jpg 1200w, https:\/\/annegyriteschutt.dk\/wp-content\/uploads\/2024\/07\/449824677_10162488429895769_4373081538544834138_n.jpg 2048w\" sizes=\"(max-width: 1024px) 100vw, 1024px\" \/><\/figure>\n<\/figure>\n\n\n\n<p><\/p>\n\n\n\n<div style=\"height:100px\" aria-hidden=\"true\" class=\"wp-block-spacer\"><\/div>\n\n\n\n<h2 class=\"wp-block-heading\">Kunsthuset Annaborg<\/h2>\n\n\n\n<p><strong>13. juni &#8211; 29. juli<\/strong><\/p>\n\n\n\n<p>Fernisering 15. juni kl. 14-16<\/p>\n\n\n\n<p><\/p>\n\n\n\n<figure class=\"wp-block-image size-full\"><img decoding=\"async\" loading=\"lazy\" width=\"2048\" height=\"1448\" src=\"https:\/\/annegyriteschutt.dk\/wp-content\/uploads\/2024\/06\/447609620_10231726284476180_5045066646143930316_n.jpg\" alt=\"\" class=\"wp-image-810\" srcset=\"https:\/\/annegyriteschutt.dk\/wp-content\/uploads\/2024\/06\/447609620_10231726284476180_5045066646143930316_n.jpg 2048w, https:\/\/annegyriteschutt.dk\/wp-content\/uploads\/2024\/06\/447609620_10231726284476180_5045066646143930316_n-300x212.jpg 300w, https:\/\/annegyriteschutt.dk\/wp-content\/uploads\/2024\/06\/447609620_10231726284476180_5045066646143930316_n-1024x724.jpg 1024w, https:\/\/annegyriteschutt.dk\/wp-content\/uploads\/2024\/06\/447609620_10231726284476180_5045066646143930316_n-768x543.jpg 768w, https:\/\/annegyriteschutt.dk\/wp-content\/uploads\/2024\/06\/447609620_10231726284476180_5045066646143930316_n-1536x1086.jpg 1536w, https:\/\/annegyriteschutt.dk\/wp-content\/uploads\/2024\/06\/447609620_10231726284476180_5045066646143930316_n-1200x848.jpg 1200w\" sizes=\"(max-width: 2048px) 100vw, 2048px\" \/><\/figure>\n\n\n\n<p>Egentlig best\u00e5r vi jo af mere rum end stof\u2026 og i sidste ende er stof jo energi og bev\u00e6gelse, s\u00e5 hvad er essensen af et menneske? Og er der en placering p\u00e5 tanker, k\u00e6rlighed og fornemmelser? <\/p>\n\n\n\n<p>Kropsligt! Her ser vi en r\u00e6kke mennesker portr\u00e6tteret, n\u00f8gne\u2026 uden korpus, med mere. Hvordan ser vi helheden? Opfatter vi sammenh\u00e6ngen trods det manglende? Ligesom vi netop ikke ser det tomme rum n\u00e5r vi ser p\u00e5 hinanden eller os selv, men opfatter den k\u00f8delige masse vi oplever ganske fysisk, og ikke som en neutrino eller de utallige neutrinoer som passerer b\u00e5de gennem vores krop og jorden som var vi det tomme rum.&nbsp;<\/p>\n\n\n\n<p>Ligeledes h\u00f8rer vi ikke alle lyde eller ser alle b\u00f8lgel\u00e6ngder af lys og farver, dog ved vi at der findes en virkelighed udover vores sanser &#8211; men hvorn\u00e5r skaber vi den? og hvorn\u00e5r sanser vi det virkelige? Kunsten er at balancere p\u00e5 knivs\u00e6ggen mellem sanseligheden og forestillingen for m\u00e5ske er det lige her at skabelsen er mest frugtbar?&nbsp;<\/p>\n\n\n\n<p>Anne Gyrite Sch\u00fctt<\/p>\n\n\n\n<p><\/p>\n\n\n\n<figure class=\"wp-block-gallery has-nested-images columns-default is-cropped wp-block-gallery-10 is-layout-flex wp-block-gallery-is-layout-flex\">\n<figure class=\"wp-block-image size-large\"><img decoding=\"async\" loading=\"lazy\" width=\"1024\" height=\"768\" data-id=\"817\" src=\"https:\/\/annegyriteschutt.dk\/wp-content\/uploads\/2024\/06\/447608701_1229001701841914_349320519697012761_n-1024x768.jpg\" alt=\"\" class=\"wp-image-817\" srcset=\"https:\/\/annegyriteschutt.dk\/wp-content\/uploads\/2024\/06\/447608701_1229001701841914_349320519697012761_n-1024x768.jpg 1024w, https:\/\/annegyriteschutt.dk\/wp-content\/uploads\/2024\/06\/447608701_1229001701841914_349320519697012761_n-300x225.jpg 300w, https:\/\/annegyriteschutt.dk\/wp-content\/uploads\/2024\/06\/447608701_1229001701841914_349320519697012761_n-768x576.jpg 768w, https:\/\/annegyriteschutt.dk\/wp-content\/uploads\/2024\/06\/447608701_1229001701841914_349320519697012761_n-1536x1152.jpg 1536w, https:\/\/annegyriteschutt.dk\/wp-content\/uploads\/2024\/06\/447608701_1229001701841914_349320519697012761_n-1200x900.jpg 1200w, https:\/\/annegyriteschutt.dk\/wp-content\/uploads\/2024\/06\/447608701_1229001701841914_349320519697012761_n.jpg 2048w\" sizes=\"(max-width: 1024px) 100vw, 1024px\" \/><\/figure>\n\n\n\n<figure class=\"wp-block-image size-large\"><img decoding=\"async\" loading=\"lazy\" width=\"1024\" height=\"768\" data-id=\"818\" src=\"https:\/\/annegyriteschutt.dk\/wp-content\/uploads\/2024\/06\/447717491_1369026354029948_3853342464585485225_n-1024x768.jpg\" alt=\"\" class=\"wp-image-818\" srcset=\"https:\/\/annegyriteschutt.dk\/wp-content\/uploads\/2024\/06\/447717491_1369026354029948_3853342464585485225_n-1024x768.jpg 1024w, https:\/\/annegyriteschutt.dk\/wp-content\/uploads\/2024\/06\/447717491_1369026354029948_3853342464585485225_n-300x225.jpg 300w, https:\/\/annegyriteschutt.dk\/wp-content\/uploads\/2024\/06\/447717491_1369026354029948_3853342464585485225_n-768x576.jpg 768w, https:\/\/annegyriteschutt.dk\/wp-content\/uploads\/2024\/06\/447717491_1369026354029948_3853342464585485225_n-1536x1152.jpg 1536w, https:\/\/annegyriteschutt.dk\/wp-content\/uploads\/2024\/06\/447717491_1369026354029948_3853342464585485225_n-1200x900.jpg 1200w, https:\/\/annegyriteschutt.dk\/wp-content\/uploads\/2024\/06\/447717491_1369026354029948_3853342464585485225_n.jpg 2048w\" sizes=\"(max-width: 1024px) 100vw, 1024px\" \/><\/figure>\n\n\n\n<figure class=\"wp-block-image size-large\"><img decoding=\"async\" loading=\"lazy\" width=\"1024\" height=\"877\" data-id=\"819\" src=\"https:\/\/annegyriteschutt.dk\/wp-content\/uploads\/2024\/06\/447604306_6804302709673231_1028508635464799131_n-1024x877.jpg\" alt=\"\" class=\"wp-image-819\" srcset=\"https:\/\/annegyriteschutt.dk\/wp-content\/uploads\/2024\/06\/447604306_6804302709673231_1028508635464799131_n-1024x877.jpg 1024w, https:\/\/annegyriteschutt.dk\/wp-content\/uploads\/2024\/06\/447604306_6804302709673231_1028508635464799131_n-300x257.jpg 300w, https:\/\/annegyriteschutt.dk\/wp-content\/uploads\/2024\/06\/447604306_6804302709673231_1028508635464799131_n-768x658.jpg 768w, https:\/\/annegyriteschutt.dk\/wp-content\/uploads\/2024\/06\/447604306_6804302709673231_1028508635464799131_n-1536x1316.jpg 1536w, https:\/\/annegyriteschutt.dk\/wp-content\/uploads\/2024\/06\/447604306_6804302709673231_1028508635464799131_n-1200x1028.jpg 1200w, https:\/\/annegyriteschutt.dk\/wp-content\/uploads\/2024\/06\/447604306_6804302709673231_1028508635464799131_n.jpg 2048w\" sizes=\"(max-width: 1024px) 100vw, 1024px\" \/><\/figure>\n<\/figure>\n\n\n\n<p><\/p>\n\n\n\n<h2 class=\"wp-block-heading\"><\/h2>\n\n\n\n<div style=\"height:100px\" aria-hidden=\"true\" class=\"wp-block-spacer\"><\/div>\n\n\n\n<p><\/p>\n\n\n\n<p><\/p>\n\n\n\n<h3 class=\"wp-block-heading\">MS\u00d8 24 &#8211; Sommerudstillingen p\u00e5 Masned\u00f8fort<\/h3>\n\n\n\n<p><strong>22. juni &#8211; 4. august<\/strong><\/p>\n\n\n\n<p><strong>Fernisering l\u00f8rdag 22. juni 2024 kl. 14-18<\/strong><\/p>\n\n\n\n<h2 class=\"wp-block-heading\">Krop<\/h2>\n\n\n\n<p><a href=\"https:\/\/www.sommerudstillingen.dk\/\">L\u00e6s mere<\/a><\/p>\n\n\n\n<figure class=\"wp-block-image size-full\"><img decoding=\"async\" loading=\"lazy\" width=\"724\" height=\"1024\" src=\"https:\/\/annegyriteschutt.dk\/wp-content\/uploads\/2024\/05\/msoe.jpg\" alt=\"\" class=\"wp-image-771\" srcset=\"https:\/\/annegyriteschutt.dk\/wp-content\/uploads\/2024\/05\/msoe.jpg 724w, https:\/\/annegyriteschutt.dk\/wp-content\/uploads\/2024\/05\/msoe-212x300.jpg 212w\" sizes=\"(max-width: 724px) 100vw, 724px\" \/><\/figure>\n\n\n\n<p><\/p>\n\n\n\n<figure class=\"wp-block-gallery has-nested-images columns-default is-cropped wp-block-gallery-12 is-layout-flex wp-block-gallery-is-layout-flex\">\n<figure class=\"wp-block-image size-full\"><img decoding=\"async\" loading=\"lazy\" width=\"800\" height=\"600\" data-id=\"812\" src=\"https:\/\/annegyriteschutt.dk\/wp-content\/uploads\/2024\/06\/masned.jpg\" alt=\"\" class=\"wp-image-812\" srcset=\"https:\/\/annegyriteschutt.dk\/wp-content\/uploads\/2024\/06\/masned.jpg 800w, https:\/\/annegyriteschutt.dk\/wp-content\/uploads\/2024\/06\/masned-300x225.jpg 300w, https:\/\/annegyriteschutt.dk\/wp-content\/uploads\/2024\/06\/masned-768x576.jpg 768w\" sizes=\"(max-width: 800px) 100vw, 800px\" \/><\/figure>\n<\/figure>\n\n\n\n<p><\/p>\n\n\n\n<p>Maleriinstallation: Heads, knees and missing torsos<\/p>\n\n\n\n<p><\/p>\n\n\n\n<div style=\"height:100px\" aria-hidden=\"true\" class=\"wp-block-spacer\"><\/div>\n\n\n\n<p><\/p>\n\n\n\n<h2 class=\"wp-block-heading\">Galleri Arleth<\/h2>\n\n\n\n<p><strong>6. juli &#8211; 29. september<\/strong><\/p>\n\n\n\n<p><strong>Fernisering 6. juli kl. 13-16<\/strong><\/p>\n\n\n\n<h3 class=\"wp-block-heading\">Eng, mose og hest<\/h3>\n\n\n\n<p>Separatudstilling<\/p>\n\n\n\n<figure class=\"wp-block-gallery has-nested-images columns-default is-cropped wp-block-gallery-14 is-layout-flex wp-block-gallery-is-layout-flex\">\n<figure class=\"wp-block-image size-large\"><img decoding=\"async\" loading=\"lazy\" width=\"715\" height=\"1024\" data-id=\"772\" src=\"https:\/\/annegyriteschutt.dk\/wp-content\/uploads\/2024\/05\/arlethhest-715x1024.jpg\" alt=\"\" class=\"wp-image-772\" srcset=\"https:\/\/annegyriteschutt.dk\/wp-content\/uploads\/2024\/05\/arlethhest-715x1024.jpg 715w, https:\/\/annegyriteschutt.dk\/wp-content\/uploads\/2024\/05\/arlethhest-209x300.jpg 209w, https:\/\/annegyriteschutt.dk\/wp-content\/uploads\/2024\/05\/arlethhest-768x1100.jpg 768w, https:\/\/annegyriteschutt.dk\/wp-content\/uploads\/2024\/05\/arlethhest-1072x1536.jpg 1072w, https:\/\/annegyriteschutt.dk\/wp-content\/uploads\/2024\/05\/arlethhest.jpg 1140w\" sizes=\"(max-width: 715px) 100vw, 715px\" \/><\/figure>\n\n\n\n<figure class=\"wp-block-image size-large\"><img decoding=\"async\" loading=\"lazy\" width=\"1024\" height=\"1024\" data-id=\"773\" src=\"https:\/\/annegyriteschutt.dk\/wp-content\/uploads\/2024\/05\/arlethindgang-1024x1024.jpg\" alt=\"\" class=\"wp-image-773\" srcset=\"https:\/\/annegyriteschutt.dk\/wp-content\/uploads\/2024\/05\/arlethindgang-1024x1024.jpg 1024w, https:\/\/annegyriteschutt.dk\/wp-content\/uploads\/2024\/05\/arlethindgang-300x300.jpg 300w, https:\/\/annegyriteschutt.dk\/wp-content\/uploads\/2024\/05\/arlethindgang-150x150.jpg 150w, https:\/\/annegyriteschutt.dk\/wp-content\/uploads\/2024\/05\/arlethindgang-768x768.jpg 768w, https:\/\/annegyriteschutt.dk\/wp-content\/uploads\/2024\/05\/arlethindgang-1200x1200.jpg 1200w, https:\/\/annegyriteschutt.dk\/wp-content\/uploads\/2024\/05\/arlethindgang.jpg 1280w\" sizes=\"(max-width: 1024px) 100vw, 1024px\" \/><\/figure>\n\n\n\n<figure class=\"wp-block-image size-large\"><img decoding=\"async\" loading=\"lazy\" width=\"1024\" height=\"766\" data-id=\"774\" src=\"https:\/\/annegyriteschutt.dk\/wp-content\/uploads\/2024\/05\/arlethstudio-1024x766.jpg\" alt=\"\" class=\"wp-image-774\" srcset=\"https:\/\/annegyriteschutt.dk\/wp-content\/uploads\/2024\/05\/arlethstudio-1024x766.jpg 1024w, https:\/\/annegyriteschutt.dk\/wp-content\/uploads\/2024\/05\/arlethstudio-300x225.jpg 300w, https:\/\/annegyriteschutt.dk\/wp-content\/uploads\/2024\/05\/arlethstudio-768x575.jpg 768w, https:\/\/annegyriteschutt.dk\/wp-content\/uploads\/2024\/05\/arlethstudio-1200x898.jpg 1200w, https:\/\/annegyriteschutt.dk\/wp-content\/uploads\/2024\/05\/arlethstudio.jpg 1280w\" sizes=\"(max-width: 1024px) 100vw, 1024px\" \/><\/figure>\n<\/figure>\n\n\n\n<h2 class=\"wp-block-heading\"><\/h2>\n\n\n\n<p><\/p>\n\n\n\n<p><\/p>\n\n\n\n<p><\/p>\n\n\n\n<div style=\"height:100px\" aria-hidden=\"true\" class=\"wp-block-spacer\"><\/div>\n\n\n\n<p><\/p>\n\n\n\n<h2 class=\"wp-block-heading\">Trappegalleriet i Nakskov<\/h2>\n\n\n\n<p><strong>12. oktober &#8211; 16. november<\/strong><\/p>\n\n\n\n<p><strong>Fernisering L\u00f8rdag 12. oktober kl. 11-14<\/strong><\/p>\n\n\n\n<h3 class=\"wp-block-heading\">Ko-produktion<\/h3>\n\n\n\n<figure class=\"wp-block-image size-full\"><img decoding=\"async\" loading=\"lazy\" width=\"296\" height=\"591\" src=\"https:\/\/annegyriteschutt.dk\/wp-content\/uploads\/2024\/05\/trappeplakat.jpg\" alt=\"\" class=\"wp-image-776\" srcset=\"https:\/\/annegyriteschutt.dk\/wp-content\/uploads\/2024\/05\/trappeplakat.jpg 296w, https:\/\/annegyriteschutt.dk\/wp-content\/uploads\/2024\/05\/trappeplakat-150x300.jpg 150w\" sizes=\"(max-width: 296px) 100vw, 296px\" \/><\/figure>\n\n\n\n<p><\/p>\n","protected":false},"excerpt":{"rendered":"<p>MS\u00d8 25 &#8211; Sommerudstillingen p\u00e5 Masned\u00f8fort Fernisering l\u00f8rdag d.21 juni kl.14-17.00&nbsp; Udstillingen varer til og med s\u00f8ndag d.3 august.&nbsp; Jule\u00e5bent Anne Gyrite leder dig i fristelse weekenden 30. nov-1. dec kl. 12-17 Traditionen tro \u00e5bner jeg d\u00f8rene til mit v\u00e6rksted og byder p\u00e5 k\u00f8revenlig \u00e6blegl\u00f6gg &#8211;&nbsp; og knas.&nbsp; Her blomstrer&hellip;<\/p>\n<p class=\"more-link-wrapper\"><a class=\"more-link\" href=\"https:\/\/annegyriteschutt.dk\/index.php\/exhibitions-2024\/\"><span class=\"fa fa-mail-forward read-more-icon\"><\/span><span class=\"screen-reader-text\">Read More<\/span><\/a><\/p>\n","protected":false},"author":1,"featured_media":0,"parent":0,"menu_order":0,"comment_status":"closed","ping_status":"closed","template":"","meta":{"advgb_blocks_editor_width":"","advgb_blocks_columns_visual_guide":"","footnotes":"","_links_to":"","_links_to_target":""},"coauthors":[],"author_meta":{"author_link":"https:\/\/annegyriteschutt.dk\/index.php\/author\/admin\/","display_name":"admin"},"relative_dates":{"created":"Udgivet 2 \u00e5r siden","modified":"Opdateret 1 \u00e5r siden"},"absolute_dates":{"created":"Udgivet 1. maj 2024","modified":"Opdateret 27. januar 2025"},"absolute_dates_time":{"created":"Udgivet 1. maj 2024 6:21 am","modified":"Opdateret 27. januar 2025 12:41 pm"},"featured_img_caption":"","featured_img":false,"series_order":"","_links":{"self":[{"href":"https:\/\/annegyriteschutt.dk\/index.php\/wp-json\/wp\/v2\/pages\/770"}],"collection":[{"href":"https:\/\/annegyriteschutt.dk\/index.php\/wp-json\/wp\/v2\/pages"}],"about":[{"href":"https:\/\/annegyriteschutt.dk\/index.php\/wp-json\/wp\/v2\/types\/page"}],"author":[{"embeddable":true,"href":"https:\/\/annegyriteschutt.dk\/index.php\/wp-json\/wp\/v2\/users\/1"}],"replies":[{"embeddable":true,"href":"https:\/\/annegyriteschutt.dk\/index.php\/wp-json\/wp\/v2\/comments?post=770"}],"version-history":[{"count":33,"href":"https:\/\/annegyriteschutt.dk\/index.php\/wp-json\/wp\/v2\/pages\/770\/revisions"}],"predecessor-version":[{"id":879,"href":"https:\/\/annegyriteschutt.dk\/index.php\/wp-json\/wp\/v2\/pages\/770\/revisions\/879"}],"wp:attachment":[{"href":"https:\/\/annegyriteschutt.dk\/index.php\/wp-json\/wp\/v2\/media?parent=770"}],"curies":[{"name":"wp","href":"https:\/\/api.w.org\/{rel}","templated":true}]}}