{"id":755,"date":"2024-02-14T12:27:12","date_gmt":"2024-02-14T12:27:12","guid":{"rendered":"https:\/\/annegyriteschutt.dk\/?page_id=755"},"modified":"2026-01-12T11:42:19","modified_gmt":"2026-01-12T11:42:19","slug":"foredrag-2","status":"publish","type":"page","link":"https:\/\/annegyriteschutt.dk\/index.php\/foredrag-2\/","title":{"rendered":"Talks &#8211; foredrag"},"content":{"rendered":"\n<figure class=\"wp-block-image size-full\"><img decoding=\"async\" loading=\"lazy\" width=\"874\" height=\"846\" src=\"https:\/\/annegyriteschutt.dk\/wp-content\/uploads\/2025\/03\/foredrag.jpg\" alt=\"\" class=\"wp-image-905\" srcset=\"https:\/\/annegyriteschutt.dk\/wp-content\/uploads\/2025\/03\/foredrag.jpg 874w, https:\/\/annegyriteschutt.dk\/wp-content\/uploads\/2025\/03\/foredrag-300x290.jpg 300w, https:\/\/annegyriteschutt.dk\/wp-content\/uploads\/2025\/03\/foredrag-768x743.jpg 768w\" sizes=\"(max-width: 874px) 100vw, 874px\" \/><\/figure>\n\n\n\n<figure class=\"wp-block-gallery has-nested-images columns-default is-cropped wp-block-gallery-1 is-layout-flex wp-block-gallery-is-layout-flex\">\n<figure class=\"wp-block-image size-large\"><img decoding=\"async\" loading=\"lazy\" width=\"900\" height=\"1024\" data-id=\"789\" src=\"https:\/\/annegyriteschutt.dk\/wp-content\/uploads\/2024\/05\/annetegner-1-900x1024.jpg\" alt=\"\" class=\"wp-image-789\" srcset=\"https:\/\/annegyriteschutt.dk\/wp-content\/uploads\/2024\/05\/annetegner-1-900x1024.jpg 900w, https:\/\/annegyriteschutt.dk\/wp-content\/uploads\/2024\/05\/annetegner-1-264x300.jpg 264w, https:\/\/annegyriteschutt.dk\/wp-content\/uploads\/2024\/05\/annetegner-1-768x874.jpg 768w, https:\/\/annegyriteschutt.dk\/wp-content\/uploads\/2024\/05\/annetegner-1-1350x1536.jpg 1350w, https:\/\/annegyriteschutt.dk\/wp-content\/uploads\/2024\/05\/annetegner-1-1200x1365.jpg 1200w, https:\/\/annegyriteschutt.dk\/wp-content\/uploads\/2024\/05\/annetegner-1.jpg 1659w\" sizes=\"(max-width: 900px) 100vw, 900px\" \/><\/figure>\n\n\n\n<figure class=\"wp-block-image size-large\"><img decoding=\"async\" loading=\"lazy\" width=\"768\" height=\"1024\" data-id=\"790\" src=\"https:\/\/annegyriteschutt.dk\/wp-content\/uploads\/2024\/05\/anne2-768x1024.jpg\" alt=\"\" class=\"wp-image-790\" srcset=\"https:\/\/annegyriteschutt.dk\/wp-content\/uploads\/2024\/05\/anne2-768x1024.jpg 768w, https:\/\/annegyriteschutt.dk\/wp-content\/uploads\/2024\/05\/anne2-225x300.jpg 225w, https:\/\/annegyriteschutt.dk\/wp-content\/uploads\/2024\/05\/anne2-1152x1536.jpg 1152w, https:\/\/annegyriteschutt.dk\/wp-content\/uploads\/2024\/05\/anne2-1536x2048.jpg 1536w, https:\/\/annegyriteschutt.dk\/wp-content\/uploads\/2024\/05\/anne2-1200x1600.jpg 1200w, https:\/\/annegyriteschutt.dk\/wp-content\/uploads\/2024\/05\/anne2-scaled.jpg 1920w\" sizes=\"(max-width: 768px) 100vw, 768px\" \/><\/figure>\n<\/figure>\n\n\n\n<p><\/p>\n\n\n\n<p><\/p>\n\n\n\n<h4 class=\"wp-block-heading\" id=\"klik-pa-link-og-laes-mere-81b76a06-ba7d-4008-8000-644f8641d36a\">Klik p\u00e5 link og l\u00e6s mere<\/h4>\n\n\n\n<div style=\"height:23px\" aria-hidden=\"true\" class=\"wp-block-spacer\"><\/div>\n\n\n\n<p><\/p>\n\n\n\n<p class=\"has-medium-font-size\">Anne tegner og fort\u00e6ller<\/p>\n\n\n\n<p>Hvordan bliver en streg til? Et portr\u00e6t? Hvordan f\u00e5r en hummer personlighed? Hvor mange slags n\u00e6ser er der? Hvordan ser en specifik dinosaurus ud? Og hvordan h\u00e6nger alt det sammen med at illustrere b\u00f8ger?<\/p>\n\n\n\n<p class=\"advgb-dyn-c2e72b98\">Anne Gyrite Sch\u00fctt har skabt illustrationer og bogomslag om ting s\u00e5 forskellige som udd\u00f8de dyr, bogstaver og historiske krimier. Hun ved noget om at s\u00e6tte sig ind i andres ide om, hvordan noget ser ud, og hvordan man f\u00e5r fanget det v\u00e6sentlige.<\/p>\n\n\n\n<div style=\"height:40px\" aria-hidden=\"true\" class=\"wp-block-spacer\"><\/div>\n\n\n\n<p><\/p>\n\n\n\n<p class=\"has-medium-font-size\">Artist Talk<\/p>\n\n\n\n<p>Anne Gyrite Sch\u00fctt fort\u00e6ller om sin kunst \u2013 om portr\u00e6tter, dyr, illustration, retssalstegninger\u2026&nbsp; som foredrag eller i en st\u00f8rre sammenh\u00e6ng tilpasset begivenheden.<\/p>\n\n\n\n<p>V\u00e6r sikker p\u00e5 humor, vid, skarpe iagttagelser og vedkommende kommentar<\/p>\n\n\n\n<div style=\"height:40px\" aria-hidden=\"true\" class=\"wp-block-spacer\"><\/div>\n\n\n\n<h4 class=\"wp-block-heading\" id=\"en-retssalstegners-oplevelser--1d71d1c5-abc0-4212-be15-88e1e5ff8070\">En retssalstegners oplevelser <\/h4>\n\n\n\n<p>Anne Gyrite Sch\u00fctt fort\u00e6ller om sine oplevelser fra flere \u00e5r som retssalstegner, som inkluderer prominente sager.<\/p>\n\n\n\n<div style=\"height:40px\" aria-hidden=\"true\" class=\"wp-block-spacer\"><\/div>\n\n\n\n<p class=\"has-medium-font-size\">Malerkunstens historie &#8211; set fra malerens v\u00e6rksted<\/p>\n\n\n\n<p>En anderledes og mere praktisk vinkel p\u00e5 hvordan malerkunsten \u00e6ndrede sig gennem tiderne, og hvilke pigmenter og redskaber malerne benyttede.<\/p>\n\n\n\n<p>Anne Gyrite fort\u00e6ller om, hvorfor malerier fra middelalderen og renaissancen ofte holder sig bedre end megen moderne kunst (fra 1800-tallet og frem).<\/p>\n\n\n\n<p>Hvad bet\u00f8d det for datidens malerkunst, n\u00e5r det rene bl\u00e5 pigment, kostede mere end at l\u00e6gge guld p\u00e5 et billede? &nbsp;Og n\u00e5r de r\u00f8de og gule var giftige af tungmetaller &#8211; og samtidig rasende dyre?<\/p>\n\n\n\n<p>I kan ogs\u00e5 h\u00f8re om; \u201chvordan man opbevarede egernhaler (hvis h\u00e5r blev brugt til pensler) s\u00e5 disse ikke blev m\u00f8l\u00e6dte\u2026 \u201c Dette er bare et af mange interessante kapitler fra bogen \u201cIl libro dell\u00b4 Arte\u201d, \u201cBogen om malerkunsten&#8217; af Cennini som skrev bogen omkring 1436.<\/p>\n\n\n\n<p>Denne bog og en del andre gamle skrifter om livet og arbejdet med kunsten p\u00e5 de gamle v\u00e6rksteder byder p\u00e5 sp\u00e6ndende detaljer, jeg gerne vil dele med jer.<\/p>\n\n\n\n<p>Jeg medbringer forskellige redskaber og pigmenter p\u00e5 dagen, b\u00e5de autentiske og efterligninger af de historiske.<\/p>\n\n\n\n<div style=\"height:40px\" aria-hidden=\"true\" class=\"wp-block-spacer\"><\/div>\n\n\n\n<p class=\"has-medium-font-size\">Det indre og det ydre &#8211; sammen med forfatter Freya Anduin<\/p>\n\n\n\n<p>Her tager vi publikum med ind i maskinrummet p\u00e5 en krimi til en snak om historie og tid og personer, og hvordan man virkeligg\u00f8r tiden og hovedpersonerne, s\u00e5 l\u00e6serne f\u00f8ler, de kender dem. Hvordan beskriver man en personlighed \u2013 og hvordan giver man personligheden et ansigt helt bogstaveligt? Den historiske tid giver nogle rammer \u2013 der er ting man kan, og ting man ikke kan, og det g\u00e6lder b\u00e5de, n\u00e5r man skriver, og n\u00e5r man illustrerer. Hvordan afspejler tiden og figurernes sociale forhold sig i deres karakter, handlemuligheder, opf\u00f8rsel, udseende og p\u00e5kl\u00e6dning? Hvordan griber man det an, og er det en begr\u00e6nsning eller en gave?<\/p>\n\n\n\n<p>Foredragene tager afs\u00e6t i serien om Lendorph &amp; la Cour og den forudg\u00e5ende research med sk\u00e6ve eksistenser, et opdagerpoliti, der kunne give Sherlock Homes baghjul, opfindsomme forbrydere osv. og foruds\u00e6tter ikke kendskab til hverken b\u00f8gerne eller historie.<\/p>\n\n\n\n<p>Det foreg\u00e5r i en dialog mellem forfatter og illustrator \u2013 og med publikum, som gerne m\u00e5 stille sp\u00f8rgsm\u00e5l og bidrage med egne erfaringer i forhold til at skildre fortiden.<\/p>\n\n\n\n<p>Hvad er en person uden et ansigt?<\/p>\n\n\n\n<figure class=\"wp-block-video\"><video controls src=\"https:\/\/annegyriteschutt.dk\/wp-content\/uploads\/2026\/01\/indeniogudenpaa-1.mp4\"><\/video><\/figure>\n\n\n\n<p><em>&#8220;Meget vellykket samarbejde mellem to engagerede kunstnere, der kan deres kram. Freya fortalte om tilblivelse af de to personer, deres baggrund, temperament og virkelyst og den tid, de opererer i. En s\u00e5dan person &#8211; og tidsbeskrivelse falder lige i de rette h\u00e6nder hos en tegner af Anne Gyrithes format. Hun viste os hvordan enkelte streger udtrykte de to personers forskellige motiver og sindelag, hvordan farverne p\u00e5 deres t\u00f8j matchede, dels indbyrdes, dels efter \u00e5rstiden. Personerne lever! Begge fortalte de om er stort researcharbejde med bl.a. at finde den rette bil og det rette fotoudstyr fra den tid. Kunstnerisk samarbejde n\u00e5r det er bedst, fortalt med levende ord og streger. Det var S\u00c5 godt.&#8221;<\/em><\/p>\n\n\n\n<p><\/p>\n","protected":false},"excerpt":{"rendered":"<p>Klik p\u00e5 link og l\u00e6s mere Anne tegner og fort\u00e6ller Hvordan bliver en streg til? Et portr\u00e6t? Hvordan f\u00e5r en hummer personlighed? Hvor mange slags n\u00e6ser er der? Hvordan ser en specifik dinosaurus ud? Og hvordan h\u00e6nger alt det sammen med at illustrere b\u00f8ger? Anne Gyrite Sch\u00fctt har skabt illustrationer&hellip;<\/p>\n<p class=\"more-link-wrapper\"><a class=\"more-link\" href=\"https:\/\/annegyriteschutt.dk\/index.php\/foredrag-2\/\"><span class=\"fa fa-mail-forward read-more-icon\"><\/span><span class=\"screen-reader-text\">Read More<\/span><\/a><\/p>\n","protected":false},"author":1,"featured_media":0,"parent":0,"menu_order":0,"comment_status":"closed","ping_status":"closed","template":"","meta":{"advgb_blocks_editor_width":"","advgb_blocks_columns_visual_guide":"","footnotes":"","_links_to":"","_links_to_target":""},"coauthors":[],"author_meta":{"author_link":"https:\/\/annegyriteschutt.dk\/index.php\/author\/admin\/","display_name":"admin"},"relative_dates":{"created":"Udgivet 2 \u00e5r siden","modified":"Opdateret 3 m\u00e5neder siden"},"absolute_dates":{"created":"Udgivet 14. februar 2024","modified":"Opdateret 12. januar 2026"},"absolute_dates_time":{"created":"Udgivet 14. februar 2024 12:27 pm","modified":"Opdateret 12. januar 2026 11:42 am"},"featured_img_caption":"","featured_img":false,"series_order":"","_links":{"self":[{"href":"https:\/\/annegyriteschutt.dk\/index.php\/wp-json\/wp\/v2\/pages\/755"}],"collection":[{"href":"https:\/\/annegyriteschutt.dk\/index.php\/wp-json\/wp\/v2\/pages"}],"about":[{"href":"https:\/\/annegyriteschutt.dk\/index.php\/wp-json\/wp\/v2\/types\/page"}],"author":[{"embeddable":true,"href":"https:\/\/annegyriteschutt.dk\/index.php\/wp-json\/wp\/v2\/users\/1"}],"replies":[{"embeddable":true,"href":"https:\/\/annegyriteschutt.dk\/index.php\/wp-json\/wp\/v2\/comments?post=755"}],"version-history":[{"count":15,"href":"https:\/\/annegyriteschutt.dk\/index.php\/wp-json\/wp\/v2\/pages\/755\/revisions"}],"predecessor-version":[{"id":966,"href":"https:\/\/annegyriteschutt.dk\/index.php\/wp-json\/wp\/v2\/pages\/755\/revisions\/966"}],"wp:attachment":[{"href":"https:\/\/annegyriteschutt.dk\/index.php\/wp-json\/wp\/v2\/media?parent=755"}],"curies":[{"name":"wp","href":"https:\/\/api.w.org\/{rel}","templated":true}]}}