{"id":722,"date":"2022-11-26T17:04:14","date_gmt":"2022-11-26T17:04:14","guid":{"rendered":"https:\/\/annegyriteschutt.dk\/?page_id=722"},"modified":"2022-11-26T17:20:59","modified_gmt":"2022-11-26T17:20:59","slug":"nyhedsbrev","status":"publish","type":"page","link":"https:\/\/annegyriteschutt.dk\/index.php\/nyhedsbrev\/","title":{"rendered":"Newsletter"},"content":{"rendered":"\n<p>Du er velkommen til at tilmelde dig mit nyhedsbrev. Det kommer ikke p\u00e5 faste tidspunkter, men hvis jeg har noget interessant at fort\u00e6lle dig &#8211; eller m\u00e5ske et godt tilbud. Jeg holder ogs\u00e5 en gang i mellem sm\u00e5 arrangementer med kun f\u00e5 deltagere. F.eks. for modtagerne af mit nyhedsbrev.<\/p>\n\n\n\n<p>Indtast dit navn og din mailadresse, og du er med p\u00e5 listen. Du kan naturligvis let afmelde dig igen.<\/p>\n\n\n\n<div class=\"wp-block-uagb-forms uagb-forms__outer-wrap uagb-block-314e6628 uagb-forms__medium-btn\"><form class=\"uagb-forms-main-form\" method=\"post\" autocomplete=\"on\" name=\"uagb-form-314e6628\">\n<div class=\"wp-block-uagb-forms-name uagb-forms-name-wrap uagb-forms-field-set uagb-block-5d30176c\"><div class=\"uagb-forms-name-label required uagb-forms-input-label\" id=\"5d30176c\">Name<\/div><input type=\"text\" placeholder=\"John Doe\" required class=\"uagb-forms-name-input uagb-forms-input\" name=\"5d30176c\" autocomplete=\"name\"\/><\/div>\n\n\n\n<div class=\"wp-block-uagb-forms-email uagb-forms-email-wrap uagb-forms-field-set uagb-block-cb918412\"><div class=\"uagb-forms-email-label required uagb-forms-input-label\" id=\"cb918412\">Email<\/div><input type=\"email\" class=\"uagb-forms-email-input uagb-forms-input\" placeholder=\"example@mail.com\" required name=\"cb918412\" autocomplete=\"email\"\/><\/div>\n<div class=\"uagb-forms-form-hidden-data\"><input type=\"hidden\" class=\"uagb_forms_form_label\" value=\"Spectra Form\"\/><input type=\"hidden\" class=\"uagb_forms_form_id\" value=\"uagb-form-314e6628\"\/><\/div><div class=\"uagb-form-reacaptcha-error-314e6628\"><\/div><div class=\"uagb-forms-main-submit-button-wrap wp-block-button\"><button class=\"uagb-forms-main-submit-button wp-block-button__link\"><div class=\"uagb-forms-main-submit-button-text\">Submit<\/div><\/button><\/div><\/form><div class=\"uagb-forms-success-message-314e6628 uagb-forms-submit-message-hide\"><span>The form has been submitted successfully!<\/span><\/div><div class=\"uagb-forms-failed-message-314e6628 uagb-forms-submit-message-hide\"><span>There has been some error while submitting the form. Please verify all form fields again.<\/span><\/div><\/div>\n","protected":false},"excerpt":{"rendered":"<p>Du er velkommen til at tilmelde dig mit nyhedsbrev. Det kommer ikke p\u00e5 faste tidspunkter, men hvis jeg har noget interessant at fort\u00e6lle dig &#8211; eller m\u00e5ske et godt tilbud. Jeg holder ogs\u00e5 en gang i mellem sm\u00e5 arrangementer med kun f\u00e5 deltagere. F.eks. for modtagerne af mit nyhedsbrev. Indtast&hellip;<\/p>\n<p class=\"more-link-wrapper\"><a class=\"more-link\" href=\"https:\/\/annegyriteschutt.dk\/index.php\/nyhedsbrev\/\"><span class=\"fa fa-mail-forward read-more-icon\"><\/span><span class=\"screen-reader-text\">Read More<\/span><\/a><\/p>\n","protected":false},"author":1,"featured_media":0,"parent":0,"menu_order":0,"comment_status":"closed","ping_status":"closed","template":"","meta":{"advgb_blocks_editor_width":"","advgb_blocks_columns_visual_guide":"","footnotes":"","_links_to":"","_links_to_target":""},"coauthors":[],"author_meta":{"author_link":"https:\/\/annegyriteschutt.dk\/index.php\/author\/admin\/","display_name":"admin"},"relative_dates":{"created":"Udgivet 3 \u00e5r siden","modified":"Opdateret 3 \u00e5r siden"},"absolute_dates":{"created":"Udgivet 26. november 2022","modified":"Opdateret 26. november 2022"},"absolute_dates_time":{"created":"Udgivet 26. november 2022 5:04 pm","modified":"Opdateret 26. november 2022 5:20 pm"},"featured_img_caption":"","featured_img":false,"series_order":"","_links":{"self":[{"href":"https:\/\/annegyriteschutt.dk\/index.php\/wp-json\/wp\/v2\/pages\/722"}],"collection":[{"href":"https:\/\/annegyriteschutt.dk\/index.php\/wp-json\/wp\/v2\/pages"}],"about":[{"href":"https:\/\/annegyriteschutt.dk\/index.php\/wp-json\/wp\/v2\/types\/page"}],"author":[{"embeddable":true,"href":"https:\/\/annegyriteschutt.dk\/index.php\/wp-json\/wp\/v2\/users\/1"}],"replies":[{"embeddable":true,"href":"https:\/\/annegyriteschutt.dk\/index.php\/wp-json\/wp\/v2\/comments?post=722"}],"version-history":[{"count":8,"href":"https:\/\/annegyriteschutt.dk\/index.php\/wp-json\/wp\/v2\/pages\/722\/revisions"}],"predecessor-version":[{"id":747,"href":"https:\/\/annegyriteschutt.dk\/index.php\/wp-json\/wp\/v2\/pages\/722\/revisions\/747"}],"wp:attachment":[{"href":"https:\/\/annegyriteschutt.dk\/index.php\/wp-json\/wp\/v2\/media?parent=722"}],"curies":[{"name":"wp","href":"https:\/\/api.w.org\/{rel}","templated":true}]}}