{"id":65,"date":"2020-10-26T10:38:48","date_gmt":"2020-10-26T10:38:48","guid":{"rendered":"https:\/\/annegyriteschutt.dk\/?page_id=65"},"modified":"2026-01-07T09:55:36","modified_gmt":"2026-01-07T09:55:36","slug":"illustrationer","status":"publish","type":"page","link":"https:\/\/annegyriteschutt.dk\/index.php\/illustrationer\/","title":{"rendered":"Illustration"},"content":{"rendered":"\n<h2 class=\"wp-block-heading\" id=\"books\">Books<\/h2>\n\n\n\n<figure class=\"wp-block-gallery has-nested-images columns-default is-cropped wp-block-gallery-1 is-layout-flex wp-block-gallery-is-layout-flex\">\n<figure class=\"wp-block-image size-large\"><img decoding=\"async\" loading=\"lazy\" width=\"800\" height=\"898\" data-id=\"24\" src=\"https:\/\/annegyriteschutt.dk\/wp-content\/uploads\/2020\/10\/anneogchristian-komposit.jpg\" alt=\"\" class=\"wp-image-24\" srcset=\"https:\/\/annegyriteschutt.dk\/wp-content\/uploads\/2020\/10\/anneogchristian-komposit.jpg 800w, https:\/\/annegyriteschutt.dk\/wp-content\/uploads\/2020\/10\/anneogchristian-komposit-267x300.jpg 267w, https:\/\/annegyriteschutt.dk\/wp-content\/uploads\/2020\/10\/anneogchristian-komposit-768x862.jpg 768w\" sizes=\"(max-width: 800px) 100vw, 800px\" \/><\/figure>\n\n\n\n<figure class=\"wp-block-image size-large\"><img decoding=\"async\" loading=\"lazy\" width=\"643\" height=\"1024\" data-id=\"858\" src=\"https:\/\/annegyriteschutt.dk\/wp-content\/uploads\/2024\/10\/finalomslag-web-sep24-643x1024.jpg\" alt=\"\" class=\"wp-image-858\" srcset=\"https:\/\/annegyriteschutt.dk\/wp-content\/uploads\/2024\/10\/finalomslag-web-sep24-643x1024.jpg 643w, https:\/\/annegyriteschutt.dk\/wp-content\/uploads\/2024\/10\/finalomslag-web-sep24-188x300.jpg 188w, https:\/\/annegyriteschutt.dk\/wp-content\/uploads\/2024\/10\/finalomslag-web-sep24-768x1223.jpg 768w, https:\/\/annegyriteschutt.dk\/wp-content\/uploads\/2024\/10\/finalomslag-web-sep24.jpg 800w\" sizes=\"(max-width: 643px) 100vw, 643px\" \/><\/figure>\n<\/figure>\n\n\n\n<figure class=\"wp-block-gallery has-nested-images columns-default is-cropped wp-block-gallery-3 is-layout-flex wp-block-gallery-is-layout-flex\">\n<figure class=\"wp-block-image size-large\"><img decoding=\"async\" loading=\"lazy\" width=\"350\" height=\"348\" data-id=\"122\" src=\"https:\/\/annegyriteschutt.dk\/wp-content\/uploads\/2020\/10\/8778312590.gif\" alt=\"\" class=\"wp-image-122\"\/><\/figure>\n\n\n\n<figure class=\"wp-block-image size-large\"><img decoding=\"async\" loading=\"lazy\" width=\"288\" height=\"290\" data-id=\"123\" src=\"https:\/\/annegyriteschutt.dk\/wp-content\/uploads\/2020\/10\/Odder_low.jpg\" alt=\"\" class=\"wp-image-123\" srcset=\"https:\/\/annegyriteschutt.dk\/wp-content\/uploads\/2020\/10\/Odder_low.jpg 288w, https:\/\/annegyriteschutt.dk\/wp-content\/uploads\/2020\/10\/Odder_low-150x150.jpg 150w\" sizes=\"(max-width: 288px) 100vw, 288px\" \/><\/figure>\n<\/figure>\n\n\n\n<p><\/p>\n\n\n\n<div style=\"height:38px\" aria-hidden=\"true\" class=\"wp-block-spacer\"><\/div>\n\n\n\n<h3 class=\"wp-block-heading\"><strong>Illustrationer<\/strong><\/h3>\n\n\n\n<h6 class=\"wp-block-heading\">&#8220;Troen flytter bjerge&#8221; (om vikinger), H\u00f8jers Forlag 2002<\/h6>\n\n\n\n<h6 class=\"wp-block-heading\">&#8220;Danmarks DyreABC, Forlaget Tommeliden Aps 2002<\/h6>\n\n\n\n<h6 class=\"wp-block-heading\">Bionik, mennesket l\u00e6rer af naturen, ZooMuseum 2004<\/h6>\n\n\n\n<h6 class=\"wp-block-heading\">Gyldendals guide til Danske fossiler, Gyldendal 2004<\/h6>\n\n\n\n<h6 class=\"wp-block-heading\">Udd\u00f8de Dyr, Forlaget Cadeau 2005<\/h6>\n\n\n\n<h6 class=\"wp-block-heading\">&#8220;Sv\u00f8b dit barn&#8221; Olivia 2006<\/h6>\n\n\n\n<h6 class=\"wp-block-heading\">&#8220;Inkalandet&#8221;, H\u00f8jers forlag 2008<\/h6>\n\n\n\n<h6 class=\"wp-block-heading\">&#8220;Om angst&#8221;, Queenswood 2009<\/h6>\n\n\n\n<h6 class=\"wp-block-heading\">med flere.<\/h6>\n","protected":false},"excerpt":{"rendered":"<p>Books Illustrationer &#8220;Troen flytter bjerge&#8221; (om vikinger), H\u00f8jers Forlag 2002 &#8220;Danmarks DyreABC, Forlaget Tommeliden Aps 2002 Bionik, mennesket l\u00e6rer af naturen, ZooMuseum 2004 Gyldendals guide til Danske fossiler, Gyldendal 2004 Udd\u00f8de Dyr, Forlaget Cadeau 2005 &#8220;Sv\u00f8b dit barn&#8221; Olivia 2006 &#8220;Inkalandet&#8221;, H\u00f8jers forlag 2008 &#8220;Om angst&#8221;, Queenswood 2009 med flere.<\/p>\n","protected":false},"author":1,"featured_media":0,"parent":0,"menu_order":0,"comment_status":"closed","ping_status":"closed","template":"","meta":{"advgb_blocks_editor_width":"","advgb_blocks_columns_visual_guide":"","footnotes":"","_links_to":"","_links_to_target":""},"coauthors":[],"author_meta":{"author_link":"https:\/\/annegyriteschutt.dk\/index.php\/author\/admin\/","display_name":"admin"},"relative_dates":{"created":"Udgivet 5 \u00e5r siden","modified":"Opdateret 3 m\u00e5neder siden"},"absolute_dates":{"created":"Udgivet 26. oktober 2020","modified":"Opdateret 7. januar 2026"},"absolute_dates_time":{"created":"Udgivet 26. oktober 2020 10:38 am","modified":"Opdateret 7. januar 2026 9:55 am"},"featured_img_caption":"","featured_img":false,"series_order":"","_links":{"self":[{"href":"https:\/\/annegyriteschutt.dk\/index.php\/wp-json\/wp\/v2\/pages\/65"}],"collection":[{"href":"https:\/\/annegyriteschutt.dk\/index.php\/wp-json\/wp\/v2\/pages"}],"about":[{"href":"https:\/\/annegyriteschutt.dk\/index.php\/wp-json\/wp\/v2\/types\/page"}],"author":[{"embeddable":true,"href":"https:\/\/annegyriteschutt.dk\/index.php\/wp-json\/wp\/v2\/users\/1"}],"replies":[{"embeddable":true,"href":"https:\/\/annegyriteschutt.dk\/index.php\/wp-json\/wp\/v2\/comments?post=65"}],"version-history":[{"count":8,"href":"https:\/\/annegyriteschutt.dk\/index.php\/wp-json\/wp\/v2\/pages\/65\/revisions"}],"predecessor-version":[{"id":957,"href":"https:\/\/annegyriteschutt.dk\/index.php\/wp-json\/wp\/v2\/pages\/65\/revisions\/957"}],"wp:attachment":[{"href":"https:\/\/annegyriteschutt.dk\/index.php\/wp-json\/wp\/v2\/media?parent=65"}],"curies":[{"name":"wp","href":"https:\/\/api.w.org\/{rel}","templated":true}]}}