{"id":520,"date":"2022-01-09T13:21:58","date_gmt":"2022-01-09T13:21:58","guid":{"rendered":"https:\/\/annegyriteschutt.dk\/?page_id=520"},"modified":"2025-01-24T10:39:26","modified_gmt":"2025-01-24T10:39:26","slug":"om-anne","status":"publish","type":"page","link":"https:\/\/annegyriteschutt.dk\/index.php\/om-anne\/","title":{"rendered":"Om Anne &#8211; about Anne"},"content":{"rendered":"\n<figure class=\"wp-block-image size-large\"><img decoding=\"async\" loading=\"lazy\" width=\"711\" height=\"1024\" src=\"https:\/\/annegyriteschutt.dk\/wp-content\/uploads\/2022\/01\/anne-selv-bedst-lil-711x1024.jpg\" alt=\"\" class=\"wp-image-521\" srcset=\"https:\/\/annegyriteschutt.dk\/wp-content\/uploads\/2022\/01\/anne-selv-bedst-lil-711x1024.jpg 711w, https:\/\/annegyriteschutt.dk\/wp-content\/uploads\/2022\/01\/anne-selv-bedst-lil-208x300.jpg 208w, https:\/\/annegyriteschutt.dk\/wp-content\/uploads\/2022\/01\/anne-selv-bedst-lil-768x1106.jpg 768w, https:\/\/annegyriteschutt.dk\/wp-content\/uploads\/2022\/01\/anne-selv-bedst-lil.jpg 800w\" sizes=\"(max-width: 711px) 100vw, 711px\" \/><\/figure>\n\n\n\n<p><\/p>\n\n\n\n<p><strong>Kunsten at kunne.<\/strong><\/p>\n\n\n\n<p>I snart hundrede \u00e5r har den s\u00e5kaldte avantgarde kunst besk\u00e6ftiget sig med at nedbryde den klassiske tradition i kunsten. S\u00e6rligt i \u00e5rene efter 2. verdenskrig og kulminerende i dag har kunstmarkedet v\u00e6ret oversv\u00f8mmet af masseproducerede abstraktioner, installationer og konceptkunst. I dagens Danmark dominerer disse v\u00e6rker overalt p\u00e5 museer og i gallerier. Det skal her n\u00e6vnes at Danmark altid har haft ry for at v\u00e6re mindst 30 \u00e5r efter udviklingen. For der er sket noget i den store verden. Tendensen g\u00e5r tilbage til hvor man slap, til det figurative og sk\u00f8nne i kunsten. Sidst manifesteret i udstillingen \u201dWunchwelten\u201d p\u00e5 det prominente udstillingssted Schirn Kunsthalle i Frankfurt Am Main, hvis leder er ber\u00f8mt for at have en af de bedste n\u00e6ser for hvor kunsten g\u00e5r hen.<\/p>\n\n\n\n<p>Anne Gyrite Sch\u00fctt er g\u00e5et imod den herskende trend og har altid arbejdet i den klassiske tradition. Hun kan tegne, har altid sin skitseblok ved h\u00e5nden, og hendes med stor kunnen udf\u00f8rte malerier gengiver figurative menneskeskildringer baseret p\u00e5 hendes filosofiske betragtninger omkring tid og rum. Et hovedv\u00e6rk er Anne Gyrite Sch\u00fctts to sammenh\u00f8rende store oliebilleder forestillende en soldat p\u00e5 slagmarken henholdsvis i Middelalderen og i Nutiden. \u201dMargrethes soldater\u201d.<\/p>\n\n\n\n<p>Anne Gyrite Sch\u00fctt har udf\u00f8rt flere portr\u00e6tter som bestillingsarbejde af kendte personer og er fremragende p\u00e5 dette omr\u00e5de. Man kan sige, at Anne Gyrite Sch\u00fctt er pioner i den forvandling af kunstopfattelse som i \u00f8jeblikket finder sted i Europa og USA.<\/p>\n\n\n\n<p>Sept. O5.<\/p>\n\n\n\n<p>For nearly a century, the so-called avant-garde art has been engaged in breaking down the classical tradition in art. Particularly in the years following World War II, and culminating today, the art market has been flooded with mass-produced abstractions, installations, and conceptual art. In contemporary Denmark, these works dominate museums and galleries. It should be noted, that Denmark has always been known for lagging at least 30 years behind developments elsewhere.<\/p>\n\n\n\n<p>However, something is changing in the wider world. The trend is shifting back to where it left off\u2014towards the figurative and the beautiful in art. This was most recently demonstrated in the exhibition <em>&#8220;Wunschwelten&#8221;<\/em> at the prominent venue Schirn Kunsthalle in Frankfurt am Main, whose director is renowned for having one of the sharpest instincts for the direction art is heading.<\/p>\n\n\n\n<p>Anne Gyrite Sch\u00fctt has gone against the prevailing trend and has always worked within the classical tradition. She can draw, always keeps her sketchbook at hand, and her skilfully executed paintings depict figurative representations of people, inspired by her philosophical reflections on time and space. One of her major works is a pair of large oil paintings depicting a soldier on the battlefield, respectively in the Middle Ages and in the present day: <em>\u201cMargrethe\u2019s Soldiers.\u201d<\/em> Anne Gyrite Sch\u00fctt has also produced several commissioned portraits of notable individuals and excels in this field. One could argue that Anne Gyrite Sch\u00fctt is a pioneer in the transformation of artistic perception currently taking place across Europe and the United States.<\/p>\n\n\n\n<p>Finn L. Falkersby<\/p>\n\n\n\n<p>Kunstsamler, -kritiker og -skribent.  \/Art collector, critic and writer<\/p>\n\n\n\n<p>(1934-2007)<\/p>\n","protected":false},"excerpt":{"rendered":"<p>Kunsten at kunne. I snart hundrede \u00e5r har den s\u00e5kaldte avantgarde kunst besk\u00e6ftiget sig med at nedbryde den klassiske tradition i kunsten. S\u00e6rligt i \u00e5rene efter 2. verdenskrig og kulminerende i dag har kunstmarkedet v\u00e6ret oversv\u00f8mmet af masseproducerede abstraktioner, installationer og konceptkunst. I dagens Danmark dominerer disse v\u00e6rker overalt p\u00e5&hellip;<\/p>\n<p class=\"more-link-wrapper\"><a class=\"more-link\" href=\"https:\/\/annegyriteschutt.dk\/index.php\/om-anne\/\"><span class=\"fa fa-mail-forward read-more-icon\"><\/span><span class=\"screen-reader-text\">Read More<\/span><\/a><\/p>\n","protected":false},"author":1,"featured_media":0,"parent":0,"menu_order":0,"comment_status":"closed","ping_status":"closed","template":"","meta":{"advgb_blocks_editor_width":"","advgb_blocks_columns_visual_guide":"","footnotes":"","_links_to":"","_links_to_target":""},"coauthors":[],"author_meta":{"author_link":"https:\/\/annegyriteschutt.dk\/index.php\/author\/admin\/","display_name":"admin"},"relative_dates":{"created":"Udgivet 4 \u00e5r siden","modified":"Opdateret 1 \u00e5r siden"},"absolute_dates":{"created":"Udgivet 9. januar 2022","modified":"Opdateret 24. januar 2025"},"absolute_dates_time":{"created":"Udgivet 9. januar 2022 1:21 pm","modified":"Opdateret 24. januar 2025 10:39 am"},"featured_img_caption":"","featured_img":false,"series_order":"","_links":{"self":[{"href":"https:\/\/annegyriteschutt.dk\/index.php\/wp-json\/wp\/v2\/pages\/520"}],"collection":[{"href":"https:\/\/annegyriteschutt.dk\/index.php\/wp-json\/wp\/v2\/pages"}],"about":[{"href":"https:\/\/annegyriteschutt.dk\/index.php\/wp-json\/wp\/v2\/types\/page"}],"author":[{"embeddable":true,"href":"https:\/\/annegyriteschutt.dk\/index.php\/wp-json\/wp\/v2\/users\/1"}],"replies":[{"embeddable":true,"href":"https:\/\/annegyriteschutt.dk\/index.php\/wp-json\/wp\/v2\/comments?post=520"}],"version-history":[{"count":5,"href":"https:\/\/annegyriteschutt.dk\/index.php\/wp-json\/wp\/v2\/pages\/520\/revisions"}],"predecessor-version":[{"id":875,"href":"https:\/\/annegyriteschutt.dk\/index.php\/wp-json\/wp\/v2\/pages\/520\/revisions\/875"}],"wp:attachment":[{"href":"https:\/\/annegyriteschutt.dk\/index.php\/wp-json\/wp\/v2\/media?parent=520"}],"curies":[{"name":"wp","href":"https:\/\/api.w.org\/{rel}","templated":true}]}}