{"id":35,"date":"2020-10-20T07:30:24","date_gmt":"2020-10-20T07:30:24","guid":{"rendered":"https:\/\/annegyriteschutt.dk\/?page_id=35"},"modified":"2025-03-27T19:44:34","modified_gmt":"2025-03-27T19:44:34","slug":"retssalstegninger","status":"publish","type":"page","link":"https:\/\/annegyriteschutt.dk\/index.php\/retssalstegninger\/","title":{"rendered":"Court room sketches"},"content":{"rendered":"\n<p><\/p>\n\n\n<p>Siden slutningen af 90\u2019erne har jeg tegnet i de danske retssale for pressen og TV. En af de seneste store sager var Ub\u00e5dssagen og mordet p\u00e5 Kim Wall. Mine tegninger af Peter Madsen kom ud i hele verden, da denne grufulde sag havde hele verdens bev\u00e5genhed. Det er netop i de mest voldsomme sager, der er en eftersp\u00f8rgsel p\u00e5 skitser direkte fra retssalen, af tiltalte og stemningen, da det generelt er forbudt at filme og fotografere fra de danske retssale. &#8211; Og her kommer tegningen ind som en elegant melleml\u00f8sning, uden at v\u00e6re et dokumentarisk billede, giver tegningen et indtryk af tiltalte og situationen til pressen og dermed offentligheden.<\/p>\n\n<div class=\"wp-block-image\">\n<figure class=\"aligncenter size-full\"><img decoding=\"async\" loading=\"lazy\" width=\"800\" height=\"548\" src=\"https:\/\/annegyriteschutt.dk\/wp-content\/uploads\/2022\/01\/petermadsen.jpg\" alt=\"\" class=\"wp-image-634\" srcset=\"https:\/\/annegyriteschutt.dk\/wp-content\/uploads\/2022\/01\/petermadsen.jpg 800w, https:\/\/annegyriteschutt.dk\/wp-content\/uploads\/2022\/01\/petermadsen-300x206.jpg 300w, https:\/\/annegyriteschutt.dk\/wp-content\/uploads\/2022\/01\/petermadsen-768x526.jpg 768w\" sizes=\"(max-width: 800px) 100vw, 800px\" \/><\/figure><\/div>\n\n\n<figure class=\"wp-block-image size-large\"><img decoding=\"async\" loading=\"lazy\" width=\"908\" height=\"1024\" src=\"https:\/\/annegyriteschutt.dk\/wp-content\/uploads\/2025\/03\/madsen-908x1024.jpg\" alt=\"\" class=\"wp-image-898\" srcset=\"https:\/\/annegyriteschutt.dk\/wp-content\/uploads\/2025\/03\/madsen-908x1024.jpg 908w, https:\/\/annegyriteschutt.dk\/wp-content\/uploads\/2025\/03\/madsen-266x300.jpg 266w, https:\/\/annegyriteschutt.dk\/wp-content\/uploads\/2025\/03\/madsen-768x866.jpg 768w, https:\/\/annegyriteschutt.dk\/wp-content\/uploads\/2025\/03\/madsen-1362x1536.jpg 1362w, https:\/\/annegyriteschutt.dk\/wp-content\/uploads\/2025\/03\/madsen-1816x2048.jpg 1816w, https:\/\/annegyriteschutt.dk\/wp-content\/uploads\/2025\/03\/madsen-1200x1353.jpg 1200w\" sizes=\"(max-width: 908px) 100vw, 908px\" \/><\/figure>\n\n\n\n<figure class=\"wp-block-gallery has-nested-images columns-default is-cropped wp-block-gallery-1 is-layout-flex wp-block-gallery-is-layout-flex\">\n<figure class=\"wp-block-image size-large\"><img decoding=\"async\" loading=\"lazy\" width=\"300\" height=\"168\" data-id=\"366\" src=\"https:\/\/annegyriteschutt.dk\/wp-content\/uploads\/2022\/01\/images-1.jpg\" alt=\"\" class=\"wp-image-366\"\/><\/figure>\n\n\n\n<figure class=\"wp-block-image size-large\"><img decoding=\"async\" loading=\"lazy\" width=\"1024\" height=\"1010\" data-id=\"365\" src=\"https:\/\/annegyriteschutt.dk\/wp-content\/uploads\/2022\/01\/peter_madsen2-1-1024x1010.jpg\" alt=\"\" class=\"wp-image-365\" srcset=\"https:\/\/annegyriteschutt.dk\/wp-content\/uploads\/2022\/01\/peter_madsen2-1-1024x1010.jpg 1024w, https:\/\/annegyriteschutt.dk\/wp-content\/uploads\/2022\/01\/peter_madsen2-1-300x296.jpg 300w, https:\/\/annegyriteschutt.dk\/wp-content\/uploads\/2022\/01\/peter_madsen2-1-768x757.jpg 768w, https:\/\/annegyriteschutt.dk\/wp-content\/uploads\/2022\/01\/peter_madsen2-1.jpg 1168w\" sizes=\"(max-width: 1024px) 100vw, 1024px\" \/><\/figure>\n\n\n\n<figure class=\"wp-block-image size-large\"><img decoding=\"async\" loading=\"lazy\" width=\"300\" height=\"250\" data-id=\"22\" src=\"https:\/\/annegyriteschutt.dk\/wp-content\/uploads\/2020\/10\/court_drawings04.jpg\" alt=\"\" class=\"wp-image-22\"\/><\/figure>\n<\/figure>\n\n\n\n<figure class=\"wp-block-gallery has-nested-images columns-default is-cropped wp-block-gallery-3 is-layout-flex wp-block-gallery-is-layout-flex\">\n<figure class=\"wp-block-image size-large\"><img decoding=\"async\" loading=\"lazy\" width=\"795\" height=\"1024\" data-id=\"362\" src=\"https:\/\/annegyriteschutt.dk\/wp-content\/uploads\/2022\/01\/23877911-britta-tegning-795x1024.jpg\" alt=\"\" class=\"wp-image-362\" srcset=\"https:\/\/annegyriteschutt.dk\/wp-content\/uploads\/2022\/01\/23877911-britta-tegning-795x1024.jpg 795w, https:\/\/annegyriteschutt.dk\/wp-content\/uploads\/2022\/01\/23877911-britta-tegning-233x300.jpg 233w, https:\/\/annegyriteschutt.dk\/wp-content\/uploads\/2022\/01\/23877911-britta-tegning-768x989.jpg 768w, https:\/\/annegyriteschutt.dk\/wp-content\/uploads\/2022\/01\/23877911-britta-tegning-1193x1536.jpg 1193w, https:\/\/annegyriteschutt.dk\/wp-content\/uploads\/2022\/01\/23877911-britta-tegning-1200x1545.jpg 1200w, https:\/\/annegyriteschutt.dk\/wp-content\/uploads\/2022\/01\/23877911-britta-tegning.jpg 1240w\" sizes=\"(max-width: 795px) 100vw, 795px\" \/><\/figure>\n<\/figure>\n\n\n\n<p>Seneste Britta-portr\u00e6t tegnet for BT 2021.<\/p>\n\n\n\n<p><\/p>\n\n\n\n<p>&#8211; Retstegninger startede med BT, som spurgte, om jeg kunne komme ind at tegne engang i 90erne.<\/p>\n\n\n\n<p><\/p>\n\n\n\n<figure class=\"wp-block-image size-large\"><img decoding=\"async\" loading=\"lazy\" width=\"978\" height=\"1024\" src=\"https:\/\/annegyriteschutt.dk\/wp-content\/uploads\/2025\/02\/britta2-978x1024.jpg\" alt=\"\" class=\"wp-image-883\" srcset=\"https:\/\/annegyriteschutt.dk\/wp-content\/uploads\/2025\/02\/britta2-978x1024.jpg 978w, https:\/\/annegyriteschutt.dk\/wp-content\/uploads\/2025\/02\/britta2-286x300.jpg 286w, https:\/\/annegyriteschutt.dk\/wp-content\/uploads\/2025\/02\/britta2-768x804.jpg 768w, https:\/\/annegyriteschutt.dk\/wp-content\/uploads\/2025\/02\/britta2-1466x1536.jpg 1466w, https:\/\/annegyriteschutt.dk\/wp-content\/uploads\/2025\/02\/britta2-1955x2048.jpg 1955w, https:\/\/annegyriteschutt.dk\/wp-content\/uploads\/2025\/02\/britta2-1200x1257.jpg 1200w\" sizes=\"(max-width: 978px) 100vw, 978px\" \/><\/figure>\n\n\n\n<p>Sagen mod Britta Nielsen &#8211; Her ses forsvarer Nima Nabipour &#8211; &nbsp;og Britta \u201cklemt eller beklemt\u201d bagved. &nbsp;K\u00f8benhavns Byret 2019.<\/p>\n\n\n\n<figure class=\"wp-block-image size-large\"><img decoding=\"async\" loading=\"lazy\" width=\"1024\" height=\"779\" src=\"https:\/\/annegyriteschutt.dk\/wp-content\/uploads\/2025\/02\/sygeplejerskesagen-1024x779.jpg\" alt=\"\" class=\"wp-image-885\" srcset=\"https:\/\/annegyriteschutt.dk\/wp-content\/uploads\/2025\/02\/sygeplejerskesagen-1024x779.jpg 1024w, https:\/\/annegyriteschutt.dk\/wp-content\/uploads\/2025\/02\/sygeplejerskesagen-300x228.jpg 300w, https:\/\/annegyriteschutt.dk\/wp-content\/uploads\/2025\/02\/sygeplejerskesagen-768x584.jpg 768w, https:\/\/annegyriteschutt.dk\/wp-content\/uploads\/2025\/02\/sygeplejerskesagen-1536x1169.jpg 1536w, https:\/\/annegyriteschutt.dk\/wp-content\/uploads\/2025\/02\/sygeplejerskesagen-2048x1558.jpg 2048w, https:\/\/annegyriteschutt.dk\/wp-content\/uploads\/2025\/02\/sygeplejerskesagen-1200x913.jpg 1200w\" sizes=\"(max-width: 1024px) 100vw, 1024px\" \/><\/figure>\n\n\n\n<p>Sygeplejerskesagen &#8211; tiltalte med ryggen til, forsvarer J\u00f8rgen Lange til venstre og anklager til h\u00f8jre. Retten i Nyk\u00f8bing F. D.14 marts.<\/p>\n\n\n\n<figure class=\"wp-block-image size-large is-resized\"><img decoding=\"async\" loading=\"lazy\" width=\"821\" height=\"1024\" src=\"https:\/\/annegyriteschutt.dk\/wp-content\/uploads\/2025\/02\/kirkerupmanden-821x1024.jpg\" alt=\"\" class=\"wp-image-887\" style=\"width:819px;height:auto\" srcset=\"https:\/\/annegyriteschutt.dk\/wp-content\/uploads\/2025\/02\/kirkerupmanden-821x1024.jpg 821w, https:\/\/annegyriteschutt.dk\/wp-content\/uploads\/2025\/02\/kirkerupmanden-240x300.jpg 240w, https:\/\/annegyriteschutt.dk\/wp-content\/uploads\/2025\/02\/kirkerupmanden-768x958.jpg 768w, https:\/\/annegyriteschutt.dk\/wp-content\/uploads\/2025\/02\/kirkerupmanden-1231x1536.jpg 1231w, https:\/\/annegyriteschutt.dk\/wp-content\/uploads\/2025\/02\/kirkerupmanden-1200x1497.jpg 1200w, https:\/\/annegyriteschutt.dk\/wp-content\/uploads\/2025\/02\/kirkerupmanden.jpg 1555w\" sizes=\"(max-width: 821px) 100vw, 821px\" \/><\/figure>\n\n\n\n<p>Sagen mod Kirkerupmanden. D.14 maj 2024 Retten i N\u00e6stved.&nbsp; Bliver d\u00f8mt b\u00e5de for Emilie Meng mordet samt frihedsber\u00f8velse, voldt\u00e6gt og overfald p\u00e5 flere unge piger i alderen 13-17 \u00e5r. &nbsp;<\/p>\n\n\n\n<p><\/p>\n\n\n\n<figure class=\"wp-block-image size-large\"><img decoding=\"async\" loading=\"lazy\" width=\"855\" height=\"1024\" src=\"https:\/\/annegyriteschutt.dk\/wp-content\/uploads\/2025\/03\/kundby-855x1024.jpg\" alt=\"\" class=\"wp-image-897\" srcset=\"https:\/\/annegyriteschutt.dk\/wp-content\/uploads\/2025\/03\/kundby-855x1024.jpg 855w, https:\/\/annegyriteschutt.dk\/wp-content\/uploads\/2025\/03\/kundby-250x300.jpg 250w, https:\/\/annegyriteschutt.dk\/wp-content\/uploads\/2025\/03\/kundby-768x920.jpg 768w, https:\/\/annegyriteschutt.dk\/wp-content\/uploads\/2025\/03\/kundby-1282x1536.jpg 1282w, https:\/\/annegyriteschutt.dk\/wp-content\/uploads\/2025\/03\/kundby-1710x2048.jpg 1710w, https:\/\/annegyriteschutt.dk\/wp-content\/uploads\/2025\/03\/kundby-1200x1437.jpg 1200w\" sizes=\"(max-width: 855px) 100vw, 855px\" \/><figcaption class=\"wp-element-caption\">Kundby-pigen<\/figcaption><\/figure>\n\n\n\n<p><\/p>\n\n\n\n<figure class=\"wp-block-image size-large\"><img decoding=\"async\" loading=\"lazy\" width=\"1024\" height=\"725\" src=\"https:\/\/annegyriteschutt.dk\/wp-content\/uploads\/2025\/03\/randers-1024x725.jpg\" alt=\"\" class=\"wp-image-894\" srcset=\"https:\/\/annegyriteschutt.dk\/wp-content\/uploads\/2025\/03\/randers-1024x725.jpg 1024w, https:\/\/annegyriteschutt.dk\/wp-content\/uploads\/2025\/03\/randers-300x212.jpg 300w, https:\/\/annegyriteschutt.dk\/wp-content\/uploads\/2025\/03\/randers-768x544.jpg 768w, https:\/\/annegyriteschutt.dk\/wp-content\/uploads\/2025\/03\/randers-1536x1088.jpg 1536w, https:\/\/annegyriteschutt.dk\/wp-content\/uploads\/2025\/03\/randers-2048x1450.jpg 2048w, https:\/\/annegyriteschutt.dk\/wp-content\/uploads\/2025\/03\/randers-1200x850.jpg 1200w\" sizes=\"(max-width: 1024px) 100vw, 1024px\" \/><\/figure>\n\n\n\n<p><\/p>\n\n\n\n<p><span style=\"font-size:12.0pt;font-family:&quot;Times New Roman&quot;,serif;\nmso-fareast-font-family:&quot;Times New Roman&quot;;mso-ansi-language:DA;mso-fareast-language:\nDA;mso-bidi-language:AR-SA\">Jeg har tegnet i sagerne med Amagermanden (Marcel Lychau Hansen), Kirkerupsagen\/Emilie Meng, Philip Patrick Westh, Britta Nielsen sagen om millionsvindel i socialstyrelsen; forsvarer Nami Nabipour samt&nbsp;Ub\u00e5dssagen med Peter Madsen, Kim Wall, m.fl.<\/span><\/p>\n","protected":false},"excerpt":{"rendered":"<p>Siden slutningen af 90\u2019erne har jeg tegnet i de danske retssale for pressen og TV. En af de seneste store sager var Ub\u00e5dssagen og mordet p\u00e5 Kim Wall. Mine tegninger af Peter Madsen kom ud i hele verden, da denne grufulde sag havde hele verdens bev\u00e5genhed. Det er netop i&hellip;<\/p>\n<p class=\"more-link-wrapper\"><a class=\"more-link\" href=\"https:\/\/annegyriteschutt.dk\/index.php\/retssalstegninger\/\"><span class=\"fa fa-mail-forward read-more-icon\"><\/span><span class=\"screen-reader-text\">Read More<\/span><\/a><\/p>\n","protected":false},"author":1,"featured_media":0,"parent":0,"menu_order":0,"comment_status":"closed","ping_status":"closed","template":"","meta":{"advgb_blocks_editor_width":"","advgb_blocks_columns_visual_guide":"","footnotes":"","_links_to":"","_links_to_target":""},"coauthors":[],"author_meta":{"author_link":"https:\/\/annegyriteschutt.dk\/index.php\/author\/admin\/","display_name":"admin"},"relative_dates":{"created":"Udgivet 5 \u00e5r siden","modified":"Opdateret 1 \u00e5r siden"},"absolute_dates":{"created":"Udgivet 20. oktober 2020","modified":"Opdateret 27. marts 2025"},"absolute_dates_time":{"created":"Udgivet 20. oktober 2020 7:30 am","modified":"Opdateret 27. marts 2025 7:44 pm"},"featured_img_caption":"","featured_img":false,"series_order":"","_links":{"self":[{"href":"https:\/\/annegyriteschutt.dk\/index.php\/wp-json\/wp\/v2\/pages\/35"}],"collection":[{"href":"https:\/\/annegyriteschutt.dk\/index.php\/wp-json\/wp\/v2\/pages"}],"about":[{"href":"https:\/\/annegyriteschutt.dk\/index.php\/wp-json\/wp\/v2\/types\/page"}],"author":[{"embeddable":true,"href":"https:\/\/annegyriteschutt.dk\/index.php\/wp-json\/wp\/v2\/users\/1"}],"replies":[{"embeddable":true,"href":"https:\/\/annegyriteschutt.dk\/index.php\/wp-json\/wp\/v2\/comments?post=35"}],"version-history":[{"count":22,"href":"https:\/\/annegyriteschutt.dk\/index.php\/wp-json\/wp\/v2\/pages\/35\/revisions"}],"predecessor-version":[{"id":902,"href":"https:\/\/annegyriteschutt.dk\/index.php\/wp-json\/wp\/v2\/pages\/35\/revisions\/902"}],"wp:attachment":[{"href":"https:\/\/annegyriteschutt.dk\/index.php\/wp-json\/wp\/v2\/media?parent=35"}],"curies":[{"name":"wp","href":"https:\/\/api.w.org\/{rel}","templated":true}]}}