{"id":315,"date":"2021-09-18T08:04:28","date_gmt":"2021-09-18T08:04:28","guid":{"rendered":"https:\/\/annegyriteschutt.dk\/?page_id=315"},"modified":"2022-07-21T06:11:47","modified_gmt":"2022-07-21T06:11:47","slug":"face-stories","status":"publish","type":"page","link":"https:\/\/annegyriteschutt.dk\/index.php\/face-stories\/","title":{"rendered":"Face stories"},"content":{"rendered":"\n<p><em>Det med dyr<\/em><\/p>\n\n\n\n<figure class=\"wp-block-gallery has-nested-images columns-default is-cropped wp-block-gallery-1 is-layout-flex wp-block-gallery-is-layout-flex\">\n<figure class=\"wp-block-image size-large\"><img decoding=\"async\" loading=\"lazy\" width=\"1024\" height=\"844\" data-id=\"391\" src=\"https:\/\/annegyriteschutt.dk\/wp-content\/uploads\/2022\/01\/DSC7767-1024x844.jpg\" alt=\"\" class=\"wp-image-391\" srcset=\"https:\/\/annegyriteschutt.dk\/wp-content\/uploads\/2022\/01\/DSC7767-1024x844.jpg 1024w, https:\/\/annegyriteschutt.dk\/wp-content\/uploads\/2022\/01\/DSC7767-300x247.jpg 300w, https:\/\/annegyriteschutt.dk\/wp-content\/uploads\/2022\/01\/DSC7767-768x633.jpg 768w, https:\/\/annegyriteschutt.dk\/wp-content\/uploads\/2022\/01\/DSC7767-1536x1266.jpg 1536w, https:\/\/annegyriteschutt.dk\/wp-content\/uploads\/2022\/01\/DSC7767-2048x1688.jpg 2048w, https:\/\/annegyriteschutt.dk\/wp-content\/uploads\/2022\/01\/DSC7767-1200x989.jpg 1200w\" sizes=\"(max-width: 1024px) 100vw, 1024px\" \/><\/figure>\n\n\n\n<figure class=\"wp-block-image size-large\"><img decoding=\"async\" loading=\"lazy\" width=\"815\" height=\"1024\" data-id=\"393\" src=\"https:\/\/annegyriteschutt.dk\/wp-content\/uploads\/2022\/01\/DSC2435-kopi-815x1024.jpg\" alt=\"\" class=\"wp-image-393\" srcset=\"https:\/\/annegyriteschutt.dk\/wp-content\/uploads\/2022\/01\/DSC2435-kopi-815x1024.jpg 815w, https:\/\/annegyriteschutt.dk\/wp-content\/uploads\/2022\/01\/DSC2435-kopi-239x300.jpg 239w, https:\/\/annegyriteschutt.dk\/wp-content\/uploads\/2022\/01\/DSC2435-kopi-768x965.jpg 768w, https:\/\/annegyriteschutt.dk\/wp-content\/uploads\/2022\/01\/DSC2435-kopi.jpg 960w\" sizes=\"(max-width: 815px) 100vw, 815px\" \/><\/figure>\n<\/figure>\n\n\n\n<p>Seneste nye er et samarbejde med keramiker Kirsten Juul, som bl.a. har betydet, at Annes k\u00e6rlighed til dyr nu ikke kun kan findes p\u00e5 l\u00e6rred men ogs\u00e5 p\u00e5 keramik:<\/p>\n\n\n\n<p>&#8211; Vi snakker godt sammen, og der er kommet nye farver, som er lette at male med p\u00e5 keramik i stedet for glasurer \u2013 det minder lidt om akvarelfarver, s\u00e5 vi aftalte, jeg skulle komme forbi, og s\u00e5 havde hun nogle ting klar, som var br\u00e6ndt en gang.<\/p>\n\n\n\n<p>Motiverne var en selvf\u00f8lge<\/p>\n\n\n\n<p>&#8211; Det skulle v\u00e6re noget lokalt, s\u00e5 jeg var ikke i tvivl om, at jeg ville lave en serie med dyr her fra Lolland \u2013 alts\u00e5 b\u00e5de husdyr og vilde dyr \u2013 s\u00e5 harer og husdyr og grise og k\u00f8er, og fr\u00f8er der kv\u00e6kker og k\u00f8erne, jeg maler ude fra strandengene, de er s\u00f8rme ogs\u00e5 havnet p\u00e5 en kop og en sk\u00e5l.<\/p>\n\n\n\n<p>Jeg begyndte derude, og s\u00e5 var der de her n\u00f8gne former \u2013 og s\u00e5 skete der noget helt s\u00e6rligt. Jeg arbejder med dyrene, ligesom n\u00e5r jeg laver malerierne, og s\u00e5 pr\u00f8ver jeg at se, hvordan kan jeg bryde formerne lidt og b\u00e5de arbejde med og mod formen, s\u00e5 det giver en sp\u00e6nding og bliver dekorativt men ogs\u00e5 sp\u00e6ndende og ikke bare en ting lige i midten.<\/p>\n\n\n\n<p>N\u00e5r man kigger p\u00e5 dyrene, kigger de tilbage, og man kan se, hvad de t\u00e6nker ligesom p\u00e5 malerierne.<\/p>\n\n\n\n<p><em>Face Stories \u2013 hoveder lige ud af hovedet<\/em><\/p>\n\n\n\n<p>&#8211; Og s\u00e5 var der de her store krukker, og s\u00e5 t\u00e6nkte jeg \u2013 nu vil jeg pr\u00f8ve at lave nogle mennesker, og s\u00e5 begyndte jeg at tegne ud af hovedet, dvs. jeg sidder ikke og kigger p\u00e5 nogle bestemte mennesker, men det er nogle, jeg finder p\u00e5. Jeg har kigget og tegnet mennesker hele mit liv, s\u00e5 jeg har meget at tage af, og s\u00e5 opstod den her serie, jeg kalder &#8216;Face Stories&#8217; \u2013 ansigtshistorier.<\/p>\n\n\n\n<p>Jeg er fuldst\u00e6ndig vild med det, fordi det er en rund ting, en tredimensional ting, og i stedet for det flade papir, hvor du kan overskue det hele i samme splitsekund, men n\u00e5r du har det p\u00e5 en krukke, s\u00e5 kan du dreje den rundt, og s\u00e5 ser du forskellige ting, efterh\u00e5nden som du drejer den. Du kan stille forskellige krukker ved siden af hinanden, og s\u00e5 korresponderer de og kan s\u00e5 s\u00e6ttes i alle mulige konstellationer, og det har pludselig nogle helt andre dimensioner end tegning p\u00e5 et fladt stykke papir.<\/p>\n\n\n\n<p>Allerede fra krukke et vidste jeg, det var en ting, s\u00e5 de er nummererede &#8216;Face Stories 1&#8217; osv., og der er nu ti. Alle er unikke. Hank\u00f8n, hunk\u00f8n eller noget midtimellem; \u00e6ldre, unge\u2026 &nbsp;og de ligner sikkert nogle, man kender, for der er mange typer. De er n\u00f8gne, men det er ansigterne, der er vigtigst. Der er gamle professortyper og en, der ligner en fodboldspiller, og forskellige udtryk \u2013 nogle er forsigtige, nogle smilende, nogle dystre\u2026 der er alle mulige udtryk.<\/p>\n\n\n\n<div class=\"wp-block-columns is-layout-flex wp-container-core-columns-is-layout-2 wp-block-columns-is-layout-flex\">\n<div class=\"wp-block-column is-layout-flow wp-block-column-is-layout-flow\" style=\"flex-basis:100%\">\n<div class=\"wp-block-columns are-vertically-aligned-center is-layout-flex wp-container-core-columns-is-layout-1 wp-block-columns-is-layout-flex\">\n<div class=\"wp-block-column is-vertically-aligned-center is-layout-flow wp-block-column-is-layout-flow\" style=\"flex-basis:100%\">\n<figure class=\"wp-block-gallery has-nested-images columns-default is-cropped wp-block-gallery-3 is-layout-flex wp-block-gallery-is-layout-flex\">\n<figure class=\"wp-block-image size-large\"><img decoding=\"async\" loading=\"lazy\" width=\"400\" height=\"402\" src=\"https:\/\/annegyriteschutt.dk\/wp-content\/uploads\/2021\/09\/IMG_7651-1.jpg\" alt=\"\" class=\"wp-image-335\" srcset=\"https:\/\/annegyriteschutt.dk\/wp-content\/uploads\/2021\/09\/IMG_7651-1.jpg 400w, https:\/\/annegyriteschutt.dk\/wp-content\/uploads\/2021\/09\/IMG_7651-1-150x150.jpg 150w\" sizes=\"(max-width: 400px) 100vw, 400px\" \/><\/figure>\n\n\n\n<figure class=\"wp-block-image size-large\"><img decoding=\"async\" loading=\"lazy\" width=\"800\" height=\"527\" src=\"https:\/\/annegyriteschutt.dk\/wp-content\/uploads\/2021\/09\/IMG_7652-1.jpg\" alt=\"\" class=\"wp-image-336\" srcset=\"https:\/\/annegyriteschutt.dk\/wp-content\/uploads\/2021\/09\/IMG_7652-1.jpg 800w, https:\/\/annegyriteschutt.dk\/wp-content\/uploads\/2021\/09\/IMG_7652-1-300x198.jpg 300w, https:\/\/annegyriteschutt.dk\/wp-content\/uploads\/2021\/09\/IMG_7652-1-768x506.jpg 768w\" sizes=\"(max-width: 800px) 100vw, 800px\" \/><\/figure>\n<\/figure>\n<\/div>\n<\/div>\n<\/div>\n<\/div>\n","protected":false},"excerpt":{"rendered":"<p>Det med dyr Seneste nye er et samarbejde med keramiker Kirsten Juul, som bl.a. har betydet, at Annes k\u00e6rlighed til dyr nu ikke kun kan findes p\u00e5 l\u00e6rred men ogs\u00e5 p\u00e5 keramik: &#8211; Vi snakker godt sammen, og der er kommet nye farver, som er lette at male med p\u00e5&hellip;<\/p>\n<p class=\"more-link-wrapper\"><a class=\"more-link\" href=\"https:\/\/annegyriteschutt.dk\/index.php\/face-stories\/\"><span class=\"fa fa-mail-forward read-more-icon\"><\/span><span class=\"screen-reader-text\">Read More<\/span><\/a><\/p>\n","protected":false},"author":1,"featured_media":0,"parent":0,"menu_order":0,"comment_status":"closed","ping_status":"closed","template":"","meta":{"advgb_blocks_editor_width":"","advgb_blocks_columns_visual_guide":"","footnotes":"","_links_to":"","_links_to_target":""},"coauthors":[],"author_meta":{"author_link":"https:\/\/annegyriteschutt.dk\/index.php\/author\/admin\/","display_name":"admin"},"relative_dates":{"created":"Udgivet 5 \u00e5r siden","modified":"Opdateret 4 \u00e5r siden"},"absolute_dates":{"created":"Udgivet 18. september 2021","modified":"Opdateret 21. juli 2022"},"absolute_dates_time":{"created":"Udgivet 18. september 2021 8:04 am","modified":"Opdateret 21. juli 2022 6:11 am"},"featured_img_caption":"","featured_img":false,"series_order":"","_links":{"self":[{"href":"https:\/\/annegyriteschutt.dk\/index.php\/wp-json\/wp\/v2\/pages\/315"}],"collection":[{"href":"https:\/\/annegyriteschutt.dk\/index.php\/wp-json\/wp\/v2\/pages"}],"about":[{"href":"https:\/\/annegyriteschutt.dk\/index.php\/wp-json\/wp\/v2\/types\/page"}],"author":[{"embeddable":true,"href":"https:\/\/annegyriteschutt.dk\/index.php\/wp-json\/wp\/v2\/users\/1"}],"replies":[{"embeddable":true,"href":"https:\/\/annegyriteschutt.dk\/index.php\/wp-json\/wp\/v2\/comments?post=315"}],"version-history":[{"count":5,"href":"https:\/\/annegyriteschutt.dk\/index.php\/wp-json\/wp\/v2\/pages\/315\/revisions"}],"predecessor-version":[{"id":394,"href":"https:\/\/annegyriteschutt.dk\/index.php\/wp-json\/wp\/v2\/pages\/315\/revisions\/394"}],"wp:attachment":[{"href":"https:\/\/annegyriteschutt.dk\/index.php\/wp-json\/wp\/v2\/media?parent=315"}],"curies":[{"name":"wp","href":"https:\/\/api.w.org\/{rel}","templated":true}]}}