{"id":30,"date":"2020-10-20T07:27:49","date_gmt":"2020-10-20T07:27:49","guid":{"rendered":"https:\/\/annegyriteschutt.dk\/?page_id=30"},"modified":"2026-01-07T09:50:10","modified_gmt":"2026-01-07T09:50:10","slug":"om-about","status":"publish","type":"page","link":"https:\/\/annegyriteschutt.dk\/index.php\/om-about\/","title":{"rendered":"Kontakt"},"content":{"rendered":"\n<p><\/p>\n\n\n\n<h5 class=\"wp-block-heading\" id=\"anne-gyrite-schutt\">Anne Gyrite Sch\u00fctt<\/h5>\n\n\n\n<h5 class=\"wp-block-heading\" id=\"ateliernorrevej-10-norre-4972-rodby-dk\">Atelier <\/h5>\n\n\n\n<h5 class=\"wp-block-heading\" id=\"ateliernorrevej-10-norre-4972-rodby-dk\">Norrevej 10&nbsp;<br>Norre&nbsp;<\/h5>\n\n\n\n<h5 class=\"wp-block-heading\" id=\"ateliernorrevej-10-norre-4972-rodby-dk\">4972  R\u00f8dby DK<\/h5>\n\n\n\n<h5 class=\"wp-block-heading\"><\/h5>\n\n\n\n<p><\/p>\n\n\n\n<h5 class=\"wp-block-heading\" id=\"post-annegyriteschutt-dk\">post @ annegyriteschutt.dk<\/h5>\n\n\n\n<p><\/p>\n\n\n\n<h5 class=\"wp-block-heading\" id=\"45-40898629\">(+45) 40898629<\/h5>\n\n\n\n<h5 class=\"wp-block-heading\" id=\"foruden-salg-af-malerier-og-tegninger-kan-jeg-ogsa-kontaktes-vedr-foredrag-og-masterclasses\">Foruden salg af malerier og tegninger, kan jeg ogs\u00e5 kontaktes vedr. foredrag og masterclasses.<\/h5>\n\n\n\n<h5 class=\"wp-block-heading\" id=\"jeg-udforer-portraetter-bade-til-privat-og-offentlig-brug-malerier-til-udsmykning-hos-private-firmaer-eller-offentlige-institutioner\">Jeg udf\u00f8rer portr\u00e6tter b\u00e5de til privat og offentlig brug. Malerier til udsmykning hos private, firmaer, eller offentlige institutioner.<\/h5>\n\n\n\n<h5 class=\"wp-block-heading\" id=\"jeg-tegner-gerne-ved-receptioner-jubilaeer-og-andet-hurtige-karikaturer-eller-portraetter\">Jeg tegner gerne ved receptioner, jubil\u00e6er og andet, hurtige karikaturer eller portr\u00e6tter.<\/h5>\n\n\n\n<h5 class=\"wp-block-heading\" id=\"jeg-illustrerer-boger-tidsskrifter-plakater-og-meget-mere\">Jeg illustrerer b\u00f8ger, tidsskrifter, plakater og meget mere!<\/h5>\n\n\n\n<h5 class=\"wp-block-heading\" id=\"man-er-altid-velkommen-til-at-forhore-sig-priser-vurderes-ud-fra-opgavens-omfang-og-evt-benyttelse\">Man er altid velkommen til at forh\u00f8re sig. Priser vurderes ud fra opgavens omfang og evt. benyttelse.<\/h5>\n\n\n\n<p><\/p>\n\n\n\n<figure class=\"wp-block-image size-full\"><img decoding=\"async\" loading=\"lazy\" width=\"800\" height=\"620\" src=\"https:\/\/annegyriteschutt.dk\/wp-content\/uploads\/2021\/09\/IMG_7654.jpg\" alt=\"\" class=\"wp-image-330\" srcset=\"https:\/\/annegyriteschutt.dk\/wp-content\/uploads\/2021\/09\/IMG_7654.jpg 800w, https:\/\/annegyriteschutt.dk\/wp-content\/uploads\/2021\/09\/IMG_7654-300x233.jpg 300w, https:\/\/annegyriteschutt.dk\/wp-content\/uploads\/2021\/09\/IMG_7654-768x595.jpg 768w\" sizes=\"(max-width: 800px) 100vw, 800px\" \/><\/figure>\n\n\n\n<p><\/p>\n\n\n\n<p><\/p>\n\n\n\n<p><em>Tekst, grafik, billeder, lyd og andet indhold p\u00e5 dette website er beskyttet efter lov om ophavsret. Anne Gyrite Sch\u00fctt forbeholder sig alle rettigheder til indholdet, herunder retten til at udnytte indholdet med henblik p\u00e5 tekst- og datamining, jf. ophavsretslovens \u00a7 11 b og DSM-direktivets artikel 4<\/em>.<\/p>\n\n\n\n<p><\/p>\n\n\n\n<h3 class=\"wp-block-heading\">Udstillinger<\/h3>\n\n\n\n<h6 class=\"wp-block-heading\">(F= f\u00e6lles, S= separat-udstilling)<\/h6>\n\n\n\n<h6 class=\"wp-block-heading\">Udvalg:<\/h6>\n\n\n\n<h6 class=\"wp-block-heading\">(S) Stiftsbiblioteket, Maribo1977 (11-\u00e5rig udstiller samfundskritiske tegninger).<\/h6>\n\n\n\n<h6 class=\"wp-block-heading\">(F) Jever, Tyskland 1995<\/h6>\n\n\n\n<h6 class=\"wp-block-heading\">(F) Hellig\u00e5ndshuset, K\u00f8benhavn 1996<\/h6>\n\n\n\n<h6 class=\"wp-block-heading\">(F) H\u00f8jris Slot, Mors 1997<\/h6>\n\n\n\n<h6 class=\"wp-block-heading\">(F) Pakhuset, Nysted 1997<\/h6>\n\n\n\n<h6 class=\"wp-block-heading\">(F)Sommerudstilling, Gedser 1999<\/h6>\n\n\n\n<h6 class=\"wp-block-heading\">(F) Galleri Inuit, \u00c5lborg 2000<\/h6>\n\n\n\n<h6 class=\"wp-block-heading\">(S) Galleri R\u00f8rholm 2001<\/h6>\n\n\n\n<h6 class=\"wp-block-heading\">(F) Rundet\u00e5rn, K\u00f8benhavn 2004<\/h6>\n\n\n\n<h6 class=\"wp-block-heading\">(F) Galleri Fj\u00f8set, Ulefoss Hovedgaard, Norge 2004<\/h6>\n\n\n\n<h6 class=\"wp-block-heading\">(F) Farum Kuturhus, Farum 2005<\/h6>\n\n\n\n<h6 class=\"wp-block-heading\">(F) Museum of City of Krakow, Polen 2005<\/h6>\n\n\n\n<h6 class=\"wp-block-heading\">(F) Galery Labyrint, Krakow, Polen 2005<\/h6>\n\n\n\n<h6 class=\"wp-block-heading\">(S) Vedb\u00e6k kultur- &amp; bibliotekscenter 2005<\/h6>\n\n\n\n<h6 class=\"wp-block-heading\">(F) &#8220;Kultur p\u00e5 Kryds&#8221;, Art Fair Sollentuna, Stockholm 2006<\/h6>\n\n\n\n<h6 class=\"wp-block-heading\">(S) Galleri Hilden, Maribo 2008<\/h6>\n\n\n\n<h6 class=\"wp-block-heading\">(F) Nyere dansk portr\u00e6tkunst, Galleri 5000, Odense 2009<\/h6>\n\n\n\n<h6 class=\"wp-block-heading\">(F) Lys over Lolland, R\u00f8dbyhavn 2009 (censureret)<\/h6>\n\n\n\n<h6 class=\"wp-block-heading\">(F) NedreFrykdals Kunstforening, Sunne, Sverige 2009<\/h6>\n\n\n\n<h6 class=\"wp-block-heading\">(F) Frederiksborg Slot, Portr\u00e6t NU, 2011 (censureret)<\/h6>\n\n\n\n<h6 class=\"wp-block-heading\">(S) Galleri Nyhuus, &#8220;Dem vi spiser, dem vi frygter, dem vi elsker&#8221; Norge 2011<\/h6>\n\n\n\n<h6 class=\"wp-block-heading\">(F) \u201cTegninger\u201d- Albrechtsens Galleri, K\u00f8benhavn 2013<\/h6>\n\n\n\n<h6 class=\"wp-block-heading\">(F) \u201cNordisk Figuration\u201d Galleri 5000, Odense 2013<\/h6>\n\n\n\n<h6 class=\"wp-block-heading\">(F) Kunstgruppen Dyreliv &#8211; Gimsingehoved Kunst og kulturcenter, Struer 2014<\/h6>\n\n\n\n<h6 class=\"wp-block-heading\">(F) Kunstgruppen Dyreliv &#8211; Dronninglund Kunstcenter, Dronninglund 2014<\/h6>\n\n\n\n<h6 class=\"wp-block-heading\">(F) Kunstgruppen Dyreliv &#8211; Pakhuset, Nyk\u00f8bing Sj 2015<\/h6>\n\n\n\n<h6 class=\"wp-block-heading\">(S) Copenhagen Fur, Kunstforening 2015<\/h6>\n\n\n\n<h6 class=\"wp-block-heading\">(F) Vandreudstilling, Nordiske kunstnere, Fabryka Sztuk, Tczew, Polen 2015-16.<\/h6>\n\n\n\n<h6 class=\"wp-block-heading\">(F) Portr\u00e6t NU 17, Frederiksborgslot, censureret. Hiller\u00f8d 2017<\/h6>\n\n\n\n<h6 class=\"wp-block-heading\">(F) Kunstgruppen Dyreliv &#8211; Ebeltoft Kunstforening, Tinghuset, Ebeltoft 2017<\/h6>\n\n\n\n<h6 class=\"wp-block-heading\">(F) \u201cLys over Lolland\u201d 2017 (censureret)<\/h6>\n\n\n\n<h6 class=\"wp-block-heading\">(S) Udstillingen \u201cM\u00f8det\u201d 11 emigrantportr\u00e6tter, Det Danske Kultur Institut, St. Petersborg. 2018<\/h6>\n\n\n\n<h6 class=\"wp-block-heading\">(S) Udstillingen \u201cM\u00f8det\u201d 11 emigrantportr\u00e6tter, Soljenitsynhuset\/Emigranthuset Moskva 2018<\/h6>\n\n\n\n<h6 class=\"wp-block-heading\">(F) \u201cLys over Lolland\u201d 2018 (censureret)<\/h6>\n\n\n\n<h3 class=\"wp-block-heading\"><strong>Officielle portr\u00e6tter<\/strong><\/h3>\n\n\n\n<h6 class=\"wp-block-heading\">Oldermand ErikSmidt (VVS) 1991<\/h6>\n\n\n\n<h6 class=\"wp-block-heading\">Borgmester Otto Jensen, SydFalster<\/h6>\n\n\n\n<h6 class=\"wp-block-heading\">Borgmester Hans Aage Pedersen, SydFalster 2006<\/h6>\n\n\n\n<h6 class=\"wp-block-heading\">Borgmester S\u00f8ren Pind K\u00f8behavns R\u00e5dhus 2006<\/h6>\n\n\n\n<h6 class=\"wp-block-heading\">Borgmester Kaj Petersen, Guldborgsund 2010<\/h6>\n\n\n\n<h6 class=\"wp-block-heading\">Dirigent Dr. Matti Hy\u00f6kki, YL Male Choir, The Old Student House, Helsinki, Finland 2013<\/h6>\n\n\n\n<h6 class=\"wp-block-heading\">Borgmester Stig Vestergaard, Lolland 2013<\/h6>\n\n\n\n<h6 class=\"wp-block-heading\">Komponist Carl Nielsen, Koncerthus Odeon, Odense 2017<\/h6>\n\n\n\n<h6 class=\"wp-block-heading\">Borgmester Steen Dahlstr\u00f8m, Middelfart 2021<\/h6>\n\n\n\n<h3 class=\"wp-block-heading\"><strong>Udsmykning<\/strong><\/h3>\n\n\n\n<h6 class=\"wp-block-heading\">RAF, Aldergrove, Belfast 1993<\/h6>\n\n\n\n<h6 class=\"wp-block-heading\">Arrestmuren, (Holger Fenger Gruppen) Nakskov 1999<\/h6>\n\n\n\n<h6 class=\"wp-block-heading\">Oplevelsescenter NaturBornholm Aakirkeby (ChristianBj\u00f8rn Design) 2000<\/h6>\n\n\n\n<h6 class=\"wp-block-heading\">DR Regionalen, Trapperum 2000<\/h6>\n\n\n\n<h6 class=\"wp-block-heading\">ZOOMuseum 2000<\/h6>\n\n\n\n<h6 class=\"wp-block-heading\">Naturcenter Fosdalgaard (Christian Bj\u00f8rn Design) 2001<\/h6>\n\n\n\n<h6 class=\"wp-block-heading\">Flora Danica v\u00e6relset, Royal Copenhagen, Amagertorv, K\u00f8benhavn 2006<\/h6>\n\n\n\n<h6 class=\"wp-block-heading\">Oliemaleri, C.E.Andersen, Nakskov 2014<\/h6>\n\n\n\n<h3 class=\"wp-block-heading\"><strong>TV<\/strong><\/h3>\n\n\n\n<h6 class=\"wp-block-heading\">10 TV- udsendelser med titlen &#8220;Tegn, som du ser&#8221; DR 1995 (1996 &amp; 98)<\/h6>\n\n\n\n<h6 class=\"wp-block-heading\">Bes\u00f8g hos Anne Gyrite Sch\u00fctt med Signe Rye, TV2 \u00f8st 2007<\/h6>\n\n\n\n<h6 class=\"wp-block-heading\">TV East Portr\u00e6tudsendelse \u201cUdtryk\u201d 2018<\/h6>\n\n\n\n<h3 class=\"wp-block-heading\"><strong>Video\/DVD<\/strong><\/h3>\n\n\n\n<h6 class=\"wp-block-heading\">VHS: I+II 10 TV-udsendelser med titlen &#8220;Tegn, som du ser&#8221; samt ekstramateriale. DR 1995<\/h6>\n\n\n\n<h6 class=\"wp-block-heading\">&#8220;Mal med Anne Gyrite Sch\u00fctt,&#8221; (Co Bjarke de Koning 2010)<\/h6>\n\n\n\n<h6 class=\"wp-block-heading\"><strong>Kortfilm:<\/strong><\/h6>\n\n\n\n<h6 class=\"wp-block-heading\">Lille film om tegnekunsten, med Anne Gyrite Sch\u00fctt i sit atelier, Tegnerforbundet 2016.<\/h6>\n\n\n\n<h3 class=\"wp-block-heading\"><strong>Retsalstegninger<\/strong><\/h3>\n\n\n\n<h6 class=\"wp-block-heading\">BT, Blekingadekuppet 1999<\/h6>\n\n\n\n<h6 class=\"wp-block-heading\">Terrorsagen fra Glostrup<\/h6>\n\n\n\n<h6 class=\"wp-block-heading\">BT, Terrorsagen, Glasgade, Retten i Glostrup 2008<\/h6>\n\n\n\n<h6 class=\"wp-block-heading\">BT, &#8220;Hue-mordet&#8221;, K\u00f8benhavns Byret 2008<\/h6>\n\n\n\n<h6 class=\"wp-block-heading\">Amagermanden, BT, DR1-Nyheder 2011<\/h6>\n\n\n\n<h6 class=\"wp-block-heading\">l\u00f8bende for BT, Berlingske, TV2, DR, TV-East.<\/h6>\n\n\n\n<h6 class=\"wp-block-heading\">Madsen\/U-b\u00e5ds-sagen for Scanpix\/Ritzau (Udkommet i hele Verden) 2018<\/h6>\n\n\n\n<h6 class=\"wp-block-heading\">&#8216;Britta sagen&#8217; for BT, 2020<\/h6>\n\n\n\n<h3 class=\"wp-block-heading\"><strong>Illustrationer<\/strong><\/h3>\n\n\n\n<h6 class=\"wp-block-heading\">&#8220;Troen flytter bjerge&#8221; (om vikinger), H\u00f8jers Forlag 2002<\/h6>\n\n\n\n<h6 class=\"wp-block-heading\">&#8220;Danmarks DyreABC, Forlaget Tommeliden Aps 2002<\/h6>\n\n\n\n<h6 class=\"wp-block-heading\">Bionik, mennesket l\u00e6rer af naturen, ZooMuseum 2004<\/h6>\n\n\n\n<h6 class=\"wp-block-heading\">Gyldendals guide til Danske fossiler, Gyldendal 2004<\/h6>\n\n\n\n<h6 class=\"wp-block-heading\">Udd\u00f8de Dyr, Forlaget Cadeau 2005<\/h6>\n\n\n\n<h6 class=\"wp-block-heading\">&#8220;Sv\u00f8b dit barn&#8221; Olivia 2006<\/h6>\n\n\n\n<h6 class=\"wp-block-heading\">&#8220;Inkalandet&#8221;, H\u00f8jers forlag 2008<\/h6>\n\n\n\n<h6 class=\"wp-block-heading\">&#8220;Om angst&#8221;, Queenswood 2009<\/h6>\n\n\n\n<h6 class=\"wp-block-heading\">med flere.<\/h6>\n\n\n\n<h3 class=\"wp-block-heading\"><strong>Anden Kunstnerisk virksomhed<\/strong><\/h3>\n\n\n\n<h6 class=\"wp-block-heading\">Portr\u00e6ttegner, Tivoli, 1994 -95<\/h6>\n\n\n\n<h6 class=\"wp-block-heading\">Illustrator, Skoletjenesten Zoologisk Museum 1998-2005<\/h6>\n\n\n\n<h6 class=\"wp-block-heading\">Udstillingskonsulent Middelaldercentret. 2009-10, 2012-13.<\/h6>\n\n\n\n<h6 class=\"wp-block-heading\">Udstillingskonsulent, design, udsmykning, Middelaldercentret 2018-19.<\/h6>\n\n\n\n<h6 class=\"wp-block-heading\">Portr\u00e6t-Masterclass, Det Danske Kulturinstitut, St. Petersborg 2018<\/h6>\n\n\n\n<h6 class=\"wp-block-heading\">Portr\u00e6t-Masterclass, Soljenitsyn Huset, Moskva 2018.<\/h6>\n\n\n\n<h6 class=\"wp-block-heading\">Portr\u00e6t-Masterclass, Museum Lolland Falster, Maribo 2018<\/h6>\n\n\n\n<h6 class=\"wp-block-heading\">Portr\u00e6tbestilling, King Richard III (15 \u00e5rh. teknik) \u201cThe Medieval Gallery\u201d Dunster, England 2018<\/h6>\n","protected":false},"excerpt":{"rendered":"<p>Anne Gyrite Sch\u00fctt Atelier Norrevej 10&nbsp;Norre&nbsp; 4972 R\u00f8dby DK post @ annegyriteschutt.dk (+45) 40898629 Foruden salg af malerier og tegninger, kan jeg ogs\u00e5 kontaktes vedr. foredrag og masterclasses. Jeg udf\u00f8rer portr\u00e6tter b\u00e5de til privat og offentlig brug. Malerier til udsmykning hos private, firmaer, eller offentlige institutioner. Jeg tegner gerne ved&hellip;<\/p>\n<p class=\"more-link-wrapper\"><a class=\"more-link\" href=\"https:\/\/annegyriteschutt.dk\/index.php\/om-about\/\"><span class=\"fa fa-mail-forward read-more-icon\"><\/span><span class=\"screen-reader-text\">Read More<\/span><\/a><\/p>\n","protected":false},"author":1,"featured_media":31,"parent":0,"menu_order":0,"comment_status":"closed","ping_status":"closed","template":"","meta":{"advgb_blocks_editor_width":"","advgb_blocks_columns_visual_guide":"","footnotes":"","_links_to":"","_links_to_target":""},"coauthors":[],"author_meta":{"author_link":"https:\/\/annegyriteschutt.dk\/index.php\/author\/admin\/","display_name":"admin"},"relative_dates":{"created":"Udgivet 5 \u00e5r siden","modified":"Opdateret 3 m\u00e5neder siden"},"absolute_dates":{"created":"Udgivet 20. oktober 2020","modified":"Opdateret 7. januar 2026"},"absolute_dates_time":{"created":"Udgivet 20. oktober 2020 7:27 am","modified":"Opdateret 7. januar 2026 9:50 am"},"featured_img_caption":"","featured_img":"https:\/\/annegyriteschutt.dk\/wp-content\/uploads\/2020\/10\/tegninger06-1.jpg","series_order":"","_links":{"self":[{"href":"https:\/\/annegyriteschutt.dk\/index.php\/wp-json\/wp\/v2\/pages\/30"}],"collection":[{"href":"https:\/\/annegyriteschutt.dk\/index.php\/wp-json\/wp\/v2\/pages"}],"about":[{"href":"https:\/\/annegyriteschutt.dk\/index.php\/wp-json\/wp\/v2\/types\/page"}],"author":[{"embeddable":true,"href":"https:\/\/annegyriteschutt.dk\/index.php\/wp-json\/wp\/v2\/users\/1"}],"replies":[{"embeddable":true,"href":"https:\/\/annegyriteschutt.dk\/index.php\/wp-json\/wp\/v2\/comments?post=30"}],"version-history":[{"count":24,"href":"https:\/\/annegyriteschutt.dk\/index.php\/wp-json\/wp\/v2\/pages\/30\/revisions"}],"predecessor-version":[{"id":954,"href":"https:\/\/annegyriteschutt.dk\/index.php\/wp-json\/wp\/v2\/pages\/30\/revisions\/954"}],"wp:featuredmedia":[{"embeddable":true,"href":"https:\/\/annegyriteschutt.dk\/index.php\/wp-json\/wp\/v2\/media\/31"}],"wp:attachment":[{"href":"https:\/\/annegyriteschutt.dk\/index.php\/wp-json\/wp\/v2\/media?parent=30"}],"curies":[{"name":"wp","href":"https:\/\/api.w.org\/{rel}","templated":true}]}}