{"id":234,"date":"2021-04-15T14:01:12","date_gmt":"2021-04-15T14:01:12","guid":{"rendered":"https:\/\/annegyriteschutt.dk\/?page_id=234"},"modified":"2022-01-12T18:14:09","modified_gmt":"2022-01-12T18:14:09","slug":"art-projects","status":"publish","type":"page","link":"https:\/\/annegyriteschutt.dk\/index.php\/art-projects\/","title":{"rendered":"Installation"},"content":{"rendered":"\n<p><\/p>\n\n\n\n<h2 class=\"wp-block-heading\" id=\"waiting-for-the-little-green-man-2021\">Waiting for the little green man 2021<\/h2>\n\n\n\n<p><\/p>\n\n\n\n<h3 class=\"wp-block-heading\" id=\"lys-over-lolland-jubilaeumsudstilling\">Lys over Lolland &#8211; jubil\u00e6umsudstilling <\/h3>\n\n\n\n<p><\/p>\n\n\n\n<p><\/p>\n\n\n\n<p>Blandet teknik, kridt p\u00e5 voksdug mm. 2 x (200 x 420 cm) overfor hinanden, med fodg\u00e6ngerfelt imellem.&nbsp;<\/p>\n\n\n\n<p><\/p>\n\n\n\n<figure class=\"wp-block-image size-large\"><img decoding=\"async\" loading=\"lazy\" width=\"1024\" height=\"768\" src=\"https:\/\/annegyriteschutt.dk\/wp-content\/uploads\/2022\/01\/anne-i-installation-1024x768.jpg\" alt=\"\" class=\"wp-image-450\" srcset=\"https:\/\/annegyriteschutt.dk\/wp-content\/uploads\/2022\/01\/anne-i-installation-1024x768.jpg 1024w, https:\/\/annegyriteschutt.dk\/wp-content\/uploads\/2022\/01\/anne-i-installation-300x225.jpg 300w, https:\/\/annegyriteschutt.dk\/wp-content\/uploads\/2022\/01\/anne-i-installation-768x576.jpg 768w, https:\/\/annegyriteschutt.dk\/wp-content\/uploads\/2022\/01\/anne-i-installation-1536x1152.jpg 1536w, https:\/\/annegyriteschutt.dk\/wp-content\/uploads\/2022\/01\/anne-i-installation-1200x900.jpg 1200w, https:\/\/annegyriteschutt.dk\/wp-content\/uploads\/2022\/01\/anne-i-installation.jpg 2016w\" sizes=\"(max-width: 1024px) 100vw, 1024px\" \/><\/figure>\n\n\n\n<p>Installationen blev udf\u00f8rt p\u00e5 stedet over en periode p\u00e5 14 dage, efter forskitser og plan.&nbsp;<\/p>\n\n\n\n<p>&#8211; En id\u00e9 der havde ligget i en skitsebog i 20 \u00e5r, og meget passende endelig kunne udf\u00f8res p\u00e5 den gamle sukkerfabrik i Saksk\u00f8bing til Lys over Lollands 20\u00e5rs jubil\u00e6um.<\/p>\n\n\n\n<figure class=\"wp-block-gallery has-nested-images columns-default is-cropped wp-block-gallery-1 is-layout-flex wp-block-gallery-is-layout-flex\">\n<figure class=\"wp-block-image size-large\"><img decoding=\"async\" loading=\"lazy\" width=\"1024\" height=\"768\" data-id=\"447\" src=\"https:\/\/annegyriteschutt.dk\/wp-content\/uploads\/2022\/01\/installation-2-1024x768.jpg\" alt=\"\" class=\"wp-image-447\" srcset=\"https:\/\/annegyriteschutt.dk\/wp-content\/uploads\/2022\/01\/installation-2-1024x768.jpg 1024w, https:\/\/annegyriteschutt.dk\/wp-content\/uploads\/2022\/01\/installation-2-300x225.jpg 300w, https:\/\/annegyriteschutt.dk\/wp-content\/uploads\/2022\/01\/installation-2-768x576.jpg 768w, https:\/\/annegyriteschutt.dk\/wp-content\/uploads\/2022\/01\/installation-2-1536x1152.jpg 1536w, https:\/\/annegyriteschutt.dk\/wp-content\/uploads\/2022\/01\/installation-2-1200x900.jpg 1200w, https:\/\/annegyriteschutt.dk\/wp-content\/uploads\/2022\/01\/installation-2.jpg 2016w\" sizes=\"(max-width: 1024px) 100vw, 1024px\" \/><\/figure>\n\n\n\n<figure class=\"wp-block-image size-large\"><img decoding=\"async\" loading=\"lazy\" width=\"1024\" height=\"768\" data-id=\"448\" src=\"https:\/\/annegyriteschutt.dk\/wp-content\/uploads\/2022\/01\/installation-3-1024x768.jpg\" alt=\"\" class=\"wp-image-448\" srcset=\"https:\/\/annegyriteschutt.dk\/wp-content\/uploads\/2022\/01\/installation-3-1024x768.jpg 1024w, https:\/\/annegyriteschutt.dk\/wp-content\/uploads\/2022\/01\/installation-3-300x225.jpg 300w, https:\/\/annegyriteschutt.dk\/wp-content\/uploads\/2022\/01\/installation-3-768x576.jpg 768w, https:\/\/annegyriteschutt.dk\/wp-content\/uploads\/2022\/01\/installation-3-1536x1152.jpg 1536w, https:\/\/annegyriteschutt.dk\/wp-content\/uploads\/2022\/01\/installation-3-1200x900.jpg 1200w, https:\/\/annegyriteschutt.dk\/wp-content\/uploads\/2022\/01\/installation-3.jpg 2016w\" sizes=\"(max-width: 1024px) 100vw, 1024px\" \/><\/figure>\n<\/figure>\n\n\n\n<div class=\"wp-block-image\"><figure class=\"aligncenter size-full\"><img decoding=\"async\" loading=\"lazy\" width=\"640\" height=\"479\" src=\"https:\/\/annegyriteschutt.dk\/wp-content\/uploads\/2022\/01\/installation-med-gaester.png\" alt=\"\" class=\"wp-image-449\" srcset=\"https:\/\/annegyriteschutt.dk\/wp-content\/uploads\/2022\/01\/installation-med-gaester.png 640w, https:\/\/annegyriteschutt.dk\/wp-content\/uploads\/2022\/01\/installation-med-gaester-300x225.png 300w\" sizes=\"(max-width: 640px) 100vw, 640px\" \/><\/figure><\/div>\n","protected":false},"excerpt":{"rendered":"<p>Waiting for the little green man 2021 Lys over Lolland &#8211; jubil\u00e6umsudstilling Blandet teknik, kridt p\u00e5 voksdug mm. 2 x (200 x 420 cm) overfor hinanden, med fodg\u00e6ngerfelt imellem.&nbsp; Installationen blev udf\u00f8rt p\u00e5 stedet over en periode p\u00e5 14 dage, efter forskitser og plan.&nbsp; &#8211; En id\u00e9 der havde ligget&hellip;<\/p>\n<p class=\"more-link-wrapper\"><a class=\"more-link\" href=\"https:\/\/annegyriteschutt.dk\/index.php\/art-projects\/\"><span class=\"fa fa-mail-forward read-more-icon\"><\/span><span class=\"screen-reader-text\">Read More<\/span><\/a><\/p>\n","protected":false},"author":1,"featured_media":0,"parent":0,"menu_order":0,"comment_status":"closed","ping_status":"closed","template":"","meta":{"advgb_blocks_editor_width":"","advgb_blocks_columns_visual_guide":"","footnotes":"","_links_to":"","_links_to_target":""},"coauthors":[],"author_meta":{"author_link":"https:\/\/annegyriteschutt.dk\/index.php\/author\/admin\/","display_name":"admin"},"relative_dates":{"created":"Udgivet 5 \u00e5r siden","modified":"Opdateret 4 \u00e5r siden"},"absolute_dates":{"created":"Udgivet 15. april 2021","modified":"Opdateret 12. januar 2022"},"absolute_dates_time":{"created":"Udgivet 15. april 2021 2:01 pm","modified":"Opdateret 12. januar 2022 6:14 pm"},"featured_img_caption":"","featured_img":false,"series_order":"","_links":{"self":[{"href":"https:\/\/annegyriteschutt.dk\/index.php\/wp-json\/wp\/v2\/pages\/234"}],"collection":[{"href":"https:\/\/annegyriteschutt.dk\/index.php\/wp-json\/wp\/v2\/pages"}],"about":[{"href":"https:\/\/annegyriteschutt.dk\/index.php\/wp-json\/wp\/v2\/types\/page"}],"author":[{"embeddable":true,"href":"https:\/\/annegyriteschutt.dk\/index.php\/wp-json\/wp\/v2\/users\/1"}],"replies":[{"embeddable":true,"href":"https:\/\/annegyriteschutt.dk\/index.php\/wp-json\/wp\/v2\/comments?post=234"}],"version-history":[{"count":11,"href":"https:\/\/annegyriteschutt.dk\/index.php\/wp-json\/wp\/v2\/pages\/234\/revisions"}],"predecessor-version":[{"id":537,"href":"https:\/\/annegyriteschutt.dk\/index.php\/wp-json\/wp\/v2\/pages\/234\/revisions\/537"}],"wp:attachment":[{"href":"https:\/\/annegyriteschutt.dk\/index.php\/wp-json\/wp\/v2\/media?parent=234"}],"curies":[{"name":"wp","href":"https:\/\/api.w.org\/{rel}","templated":true}]}}